{"id":96,"date":"2025-10-17T23:54:23","date_gmt":"2025-10-17T23:54:23","guid":{"rendered":"https:\/\/pypaprint.com\/?post_type=product&#038;p=96"},"modified":"2025-11-01T09:21:39","modified_gmt":"2025-11-01T09:21:39","slug":"carta-cuadriptico-estucado","status":"publish","type":"product","link":"https:\/\/pypaprint.com\/carta-cuadriptico-estucado\/","title":{"rendered":"Carta Cuadriptico Estucado"},"content":{"rendered":"<p><b><strong>&#8220;Carta Cuadriptico Impresa en Papel de 350g: Elegancia y Calidad en Cada P\u00e1gina&#8221;<\/strong><\/b><\/p>\n<p><b><strong>Descripci\u00f3n del Producto:<\/strong><\/b><\/p>\n<p>&nbsp;<\/p>\n<p>Presenta tus productos de una forma elegante y atractiva con nuestra <b><strong>Carta Cuadr\u00edptico<\/strong><\/b> Impresa en Papel de 350g. Apta para diferentes tipos de negocios, desde grandes cadenas de restaurantes hasta peque\u00f1os bares y cafeter\u00edas, esta carta es perfecta si buscas dar una imagen sofisticada que quede en la memoria de tus clientes. Entra aqu\u00ed y descubre con nosotros todas tus opciones.<\/p>\n<p><b><strong>Caracter\u00edsticas Destacadas:<\/strong><\/b><\/p>\n<ul>\n<li><b><strong>Papel de 350g:<\/strong><\/b> Nuestra Carta Cuadriptico est\u00e1 impresa en papel de 350 gramos, lo que la hace m\u00e1s gruesa y resistente que la mayor\u00eda. Esta caracter\u00edstica no solo le brinda un aspecto elegante, sino que tambi\u00e9n garantiza su durabilidad, perfecta para el uso constante en tu negocio.<\/li>\n<li><b><strong>Impresi\u00f3n de Alta Calidad:<\/strong><\/b> Cada p\u00e1gina de tu carta reflejar\u00e1 la calidad de tu negocio. Nuestra impresi\u00f3n de alta calidad asegura que tus platos y bebidas se presenten de manera n\u00edtida y atractiva, atrayendo la atenci\u00f3n de tus comensales.<\/li>\n<li><b><strong>Pliegue Ordenado:<\/strong><\/b> La carta cuadripticos se pliega de manera ordenada y f\u00e1cil de manejar, lo que facilita su uso en mesas y presentaciones.<\/li>\n<li><b><strong>Personalizaci\u00f3n Total:<\/strong><\/b> En pypaprint.com, te ofrecemos la opci\u00f3n de personalizar completamente esta carta con tu logotipo, dise\u00f1o especial o mensaje \u00fanico. Destaca y crea una experiencia memorable para tus clientes.<\/li>\n<\/ul>\n<p>&nbsp;<\/p>\n<p>caracter\u00edsticas:<\/p>\n<p>papel de impresi\u00f3n 350gr<\/p>\n<p>acabado: laminado mate o brillo<\/p>\n<p>cantidad: desde 50 unidades<\/p>\n<p>formato: plegado cuadriptico.<\/p>\n<p>medida: 29,7x63cm<\/p>\n<p>&nbsp;<\/p>\n<p>Eleva la presentaci\u00f3n de tu negocio con nuestra Carta Cuadriptico Impresa en Papel de 350g. Ya sea que administres un restaurante de lujo, una cafeter\u00eda acogedora o cualquier otro tipo de negocio gastron\u00f3mico, esta carta es la opci\u00f3n perfecta para presentar tus ofertas con estilo y elegancia. Personaliza tus cartas en pypaprint.com y crea una experiencia culinaria inolvidable para tus comensales.<\/p>\n","protected":false},"excerpt":{"rendered":"<p>&#8220;Carta Cuadriptico Impresa en Papel de 350g: Elegancia y Calidad en Cada P\u00e1gina&#8221; Descripci\u00f3n del Producto: &nbsp; Presenta tus productos de una forma elegante y atractiva con nuestra Carta Cuadr\u00edptico Impresa en Papel de 350g. Apta para diferentes tipos de negocios, desde grandes cadenas de restaurantes hasta peque\u00f1os bares y cafeter\u00edas, esta carta es perfecta &#8230; <a title=\"Carta Cuadriptico Estucado\" class=\"read-more\" href=\"https:\/\/pypaprint.com\/carta-cuadriptico-estucado\/\" aria-label=\"Leer m\u00e1s sobre Carta Cuadriptico Estucado\">Leer m\u00e1s<\/a><\/p>\n","protected":false},"featured_media":162,"comment_status":"open","ping_status":"closed","template":"","meta":{"_acf_changed":false,"_joinchat":[]},"product_brand":[],"product_cat":[287,27,17],"product_tag":[],"class_list":{"0":"post-96","1":"product","2":"type-product","3":"status-publish","4":"has-post-thumbnail","6":"product_cat-cartas-papel-estucado","7":"product_cat-cartas-y-menus","8":"product_cat-hosteleria","10":"first","11":"instock","12":"taxable","13":"shipping-taxable","14":"purchasable","15":"product-type-variable"},"acf":[],"_links":{"self":[{"href":"https:\/\/pypaprint.com\/wp-json\/wp\/v2\/product\/96","targetHints":{"allow":["GET"]}}],"collection":[{"href":"https:\/\/pypaprint.com\/wp-json\/wp\/v2\/product"}],"about":[{"href":"https:\/\/pypaprint.com\/wp-json\/wp\/v2\/types\/product"}],"replies":[{"embeddable":true,"href":"https:\/\/pypaprint.com\/wp-json\/wp\/v2\/comments?post=96"}],"wp:featuredmedia":[{"embeddable":true,"href":"https:\/\/pypaprint.com\/wp-json\/wp\/v2\/media\/162"}],"wp:attachment":[{"href":"https:\/\/pypaprint.com\/wp-json\/wp\/v2\/media?parent=96"}],"wp:term":[{"taxonomy":"product_brand","embeddable":true,"href":"https:\/\/pypaprint.com\/wp-json\/wp\/v2\/product_brand?post=96"},{"taxonomy":"product_cat","embeddable":true,"href":"https:\/\/pypaprint.com\/wp-json\/wp\/v2\/product_cat?post=96"},{"taxonomy":"product_tag","embeddable":true,"href":"https:\/\/pypaprint.com\/wp-json\/wp\/v2\/product_tag?post=96"}],"curies":[{"name":"wp","href":"https:\/\/api.w.org\/{rel}","templated":true}]}}