{"id":89,"date":"2025-10-17T23:19:46","date_gmt":"2025-10-17T23:19:46","guid":{"rendered":"https:\/\/pypaprint.com\/?post_type=product&#038;p=89"},"modified":"2025-11-03T00:37:52","modified_gmt":"2025-11-03T00:37:52","slug":"carta-revista-woodstock","status":"publish","type":"product","link":"https:\/\/pypaprint.com\/carta-revista-woodstock\/","title":{"rendered":"Carta Revista Woodstock"},"content":{"rendered":"<p style=\"font-weight: 400;\"><b><strong>Descripci\u00f3n del Producto:<\/strong><\/b><\/p>\n<p style=\"font-weight: 400;\">Eleva tu compromiso con el ambiente y la sostenibilidad, imprimiendo tus cartas y men\u00fas con un papel hecho con fibras recicladas, mezcla diferentes t\u00e9cnicas de impresi\u00f3n aprovechando la versatilidad de este papel y dale ese toque original a la presentaci\u00f3n de tus platos en una carta que inicie el fest\u00edn de tus clientes.<\/p>\n<p style=\"font-weight: 400;\"><b><strong>Caracter\u00edsticas Principales:<\/strong><\/b><\/p>\n<ul style=\"font-weight: 400;\">\n<li><b><strong>Papel de 170 g:<\/strong><\/b> Nuestra Carta Revista Woodstock est\u00e1 impresa en papel de 170 gramos, lo que la hace m\u00e1s fina y flexible. Este gramaje hace que su manipulaci\u00f3n sea m\u00e1s sencilla, pero que a\u00fan tenga el grosor necesario para que tus platos se muestren en una excelente calidad.<\/li>\n<li><b><strong>Impresi\u00f3n de Alta Calidad:<\/strong><\/b> Cada p\u00e1gina de tu carta reflejar\u00e1 la calidad de tu negocio. Nuestra impresi\u00f3n de alta calidad asegura que tus platos y bebidas se presenten de manera n\u00edtida y atractiva, atrayendo la atenci\u00f3n de tus comensales.<\/li>\n<li><b><strong>Pliegue Ordenado:<\/strong><\/b> La carta revista viene con un pliegue que permite que se abra como lo hace un libro o una revista, con 8 p\u00e1ginas de espacio para que tus platos se muestren con la calidad que le ofrece el papel Woodstock.<\/li>\n<li><b><strong>Personalizaci\u00f3n Total:<\/strong><\/b> En pypaprint.com, te ofrecemos la opci\u00f3n de personalizar completamente esta carta con tu logotipo, dise\u00f1o especial o mensaje \u00fanico. Destaca y crea una experiencia memorable para tus clientes.<\/li>\n<\/ul>\n<p style=\"font-weight: 400;\"><b><strong>Especificaciones T\u00e9cnicas:<\/strong><\/b><\/p>\n<p style=\"font-weight: 400;\">Papel de impresi\u00f3n 170 g<\/p>\n<p style=\"font-weight: 400;\">Acabado: Laminado mate o brillo<\/p>\n<p style=\"font-weight: 400;\">Cantidad: Desde 50 unidades<\/p>\n<p style=\"font-weight: 400;\">Formato: Plegado cuadr\u00edptico.<\/p>\n<p style=\"font-weight: 400;\">Medidas: 29,7 x 63 cm<\/p>\n<p style=\"font-weight: 400;\">\n","protected":false},"excerpt":{"rendered":"<p>Descripci\u00f3n del Producto: Eleva tu compromiso con el ambiente y la sostenibilidad, imprimiendo tus cartas y men\u00fas con un papel hecho con fibras recicladas, mezcla diferentes t\u00e9cnicas de impresi\u00f3n aprovechando la versatilidad de este papel y dale ese toque original a la presentaci\u00f3n de tus platos en una carta que inicie el fest\u00edn de tus &#8230; <a title=\"Carta Revista Woodstock\" class=\"read-more\" href=\"https:\/\/pypaprint.com\/carta-revista-woodstock\/\" aria-label=\"Leer m\u00e1s sobre Carta Revista Woodstock\">Leer m\u00e1s<\/a><\/p>\n","protected":false},"featured_media":365,"comment_status":"open","ping_status":"closed","template":"","meta":{"_acf_changed":false,"_joinchat":[]},"product_brand":[],"product_cat":[287,27,17],"product_tag":[],"class_list":{"0":"post-89","1":"product","2":"type-product","3":"status-publish","4":"has-post-thumbnail","6":"product_cat-cartas-papel-estucado","7":"product_cat-cartas-y-menus","8":"product_cat-hosteleria","10":"first","11":"instock","12":"taxable","13":"shipping-taxable","14":"purchasable","15":"product-type-variable"},"acf":[],"_links":{"self":[{"href":"https:\/\/pypaprint.com\/wp-json\/wp\/v2\/product\/89","targetHints":{"allow":["GET"]}}],"collection":[{"href":"https:\/\/pypaprint.com\/wp-json\/wp\/v2\/product"}],"about":[{"href":"https:\/\/pypaprint.com\/wp-json\/wp\/v2\/types\/product"}],"replies":[{"embeddable":true,"href":"https:\/\/pypaprint.com\/wp-json\/wp\/v2\/comments?post=89"}],"wp:featuredmedia":[{"embeddable":true,"href":"https:\/\/pypaprint.com\/wp-json\/wp\/v2\/media\/365"}],"wp:attachment":[{"href":"https:\/\/pypaprint.com\/wp-json\/wp\/v2\/media?parent=89"}],"wp:term":[{"taxonomy":"product_brand","embeddable":true,"href":"https:\/\/pypaprint.com\/wp-json\/wp\/v2\/product_brand?post=89"},{"taxonomy":"product_cat","embeddable":true,"href":"https:\/\/pypaprint.com\/wp-json\/wp\/v2\/product_cat?post=89"},{"taxonomy":"product_tag","embeddable":true,"href":"https:\/\/pypaprint.com\/wp-json\/wp\/v2\/product_tag?post=89"}],"curies":[{"name":"wp","href":"https:\/\/api.w.org\/{rel}","templated":true}]}}