{"id":87,"date":"2025-10-17T23:19:00","date_gmt":"2025-10-17T23:19:00","guid":{"rendered":"https:\/\/pypaprint.com\/?post_type=product&#038;p=87"},"modified":"2025-10-28T15:48:06","modified_gmt":"2025-10-28T15:48:06","slug":"sobres-burger","status":"publish","type":"product","link":"https:\/\/pypaprint.com\/sobres-burger\/","title":{"rendered":"Sobres para Burger"},"content":{"rendered":"<h2 style=\"font-weight: 500;\"><b><strong>Descripci\u00f3n del Producto:<\/strong><\/b><\/h2>\n<p>Haz que recuerden tu estilo en cada bocado con nuestros incre\u00edbles sobres. Con Pypa Print podr\u00e1s presentar de una manera incre\u00edble tus hamburguesas, arepas, kebabs, tacos&#8230; Nuestros sobres personalizados son la mejor opci\u00f3n para envolver tus maravillosos productos.<\/p>\n<p style=\"font-weight: 400;\"><b><strong>Caracter\u00edsticas Principales:<\/strong><\/b><\/p>\n<ul style=\"font-weight: 400;\">\n<li><b><strong>Papel Antigrasa de Calidad:<\/strong><\/b> Fabricados con papel antigrasa de alta calidad, nuestros sobres mantienen tus hamburguesas frescas y deliciosas sin preocuparte por manchas de grasa en la envoltura.<\/li>\n<li><b><strong>Personalizaci\u00f3n Total:<\/strong><\/b> Te ofrecemos la opci\u00f3n de personalizar estos sobres con tu logotipo, nombre de negocio o dise\u00f1o \u00fanico. Esto te permite destacar y fortalecer tu imagen de marca.<\/li>\n<li><b><strong>Variedad de Tama\u00f1os Disponibles:<\/strong><\/b> Tenemos una amplia variedad de tama\u00f1os para adaptarse a tus hamburguesas, desde las m\u00e1s peque\u00f1as hasta las m\u00e1s grandes. Esto te brinda la flexibilidad de elegir el tama\u00f1o perfecto para tu producto.<\/li>\n<\/ul>\n<p style=\"font-weight: 400;\"><b><strong>Especificaciones T\u00e9cnicas:<\/strong><\/b><\/p>\n<ul style=\"font-weight: 400;\">\n<li>Material: Papel antigrasa de alta calidad<\/li>\n<li>Personalizaci\u00f3n: Impresi\u00f3n a todo color con tu dise\u00f1o<\/li>\n<li>Tama\u00f1os Disponibles: 15x16cm<\/li>\n<li>Cantidad M\u00ednima de Pedido: 10.000<\/li>\n<\/ul>\n","protected":false},"excerpt":{"rendered":"<p>Descripci\u00f3n del Producto: Haz que recuerden tu estilo en cada bocado con nuestros incre\u00edbles sobres. Con Pypa Print podr\u00e1s presentar de una manera incre\u00edble tus hamburguesas, arepas, kebabs, tacos&#8230; Nuestros sobres personalizados son la mejor opci\u00f3n para envolver tus maravillosos productos. Caracter\u00edsticas Principales: Papel Antigrasa de Calidad: Fabricados con papel antigrasa de alta calidad, nuestros &#8230; <a title=\"Sobres para Burger\" class=\"read-more\" href=\"https:\/\/pypaprint.com\/sobres-burger\/\" aria-label=\"Leer m\u00e1s sobre Sobres para Burger\">Leer m\u00e1s<\/a><\/p>\n","protected":false},"featured_media":221,"comment_status":"open","ping_status":"closed","template":"","meta":{"_acf_changed":false,"_joinchat":[]},"product_brand":[],"product_cat":[17,26],"product_tag":[],"class_list":{"0":"post-87","1":"product","2":"type-product","3":"status-publish","4":"has-post-thumbnail","6":"product_cat-hosteleria","7":"product_cat-papel-antigrasa-personalizado","9":"first","10":"instock","11":"taxable","12":"shipping-taxable","13":"purchasable","14":"product-type-variable"},"acf":[],"_links":{"self":[{"href":"https:\/\/pypaprint.com\/wp-json\/wp\/v2\/product\/87","targetHints":{"allow":["GET"]}}],"collection":[{"href":"https:\/\/pypaprint.com\/wp-json\/wp\/v2\/product"}],"about":[{"href":"https:\/\/pypaprint.com\/wp-json\/wp\/v2\/types\/product"}],"replies":[{"embeddable":true,"href":"https:\/\/pypaprint.com\/wp-json\/wp\/v2\/comments?post=87"}],"wp:featuredmedia":[{"embeddable":true,"href":"https:\/\/pypaprint.com\/wp-json\/wp\/v2\/media\/221"}],"wp:attachment":[{"href":"https:\/\/pypaprint.com\/wp-json\/wp\/v2\/media?parent=87"}],"wp:term":[{"taxonomy":"product_brand","embeddable":true,"href":"https:\/\/pypaprint.com\/wp-json\/wp\/v2\/product_brand?post=87"},{"taxonomy":"product_cat","embeddable":true,"href":"https:\/\/pypaprint.com\/wp-json\/wp\/v2\/product_cat?post=87"},{"taxonomy":"product_tag","embeddable":true,"href":"https:\/\/pypaprint.com\/wp-json\/wp\/v2\/product_tag?post=87"}],"curies":[{"name":"wp","href":"https:\/\/api.w.org\/{rel}","templated":true}]}}