{"id":84,"date":"2025-10-17T23:17:44","date_gmt":"2025-10-17T23:17:44","guid":{"rendered":"https:\/\/pypaprint.com\/?post_type=product&#038;p=84"},"modified":"2025-11-03T07:59:50","modified_gmt":"2025-11-03T07:59:50","slug":"stoppers","status":"publish","type":"product","link":"https:\/\/pypaprint.com\/?product=stoppers","title":{"rendered":"Stoppers"},"content":{"rendered":"<p><strong>Descripci\u00f3n del Producto:<\/strong><\/p>\n<p>Los Stoppers son un soporte para tus estanter\u00edas, una herramienta efectiva para captar la atenci\u00f3n de clientes potenciales en puntos de venta, exposiciones o eventos promocionales. Dise\u00f1ados para destacar tus mensajes publicitarios de manera llamativa, estos elementos son ideales para resaltar ofertas especiales, promociones o nuevos productos.Fabricados con materiales de alta calidad, ofrecen una soluci\u00f3n vers\u00e1til y atractiva para tus necesidades de publicidad en el punto de venta. Desde formas y tama\u00f1os hasta dise\u00f1os y colores personalizados, puedes adaptar estos elementos para que se ajusten perfectamente a la identidad de tu marca y a tus objetivos de marketing.<\/p>\n<p><strong>Caracter\u00edsticas Principales:<\/strong><\/p>\n<p><strong>Llamativo Dise\u00f1o:<\/strong>\u00a0Los Stoppers est\u00e1n dise\u00f1ados para llamar la atenci\u00f3n de los clientes con su dise\u00f1o atractivo y creativo. Puedes elegir entre una variedad de formas, colores y estilos para asegurarte de que tu mensaje se destaque en el entorno de venta.<br \/>\n<strong>Materiales:<\/strong>\u00a0Fabricados con materiales resistentes, nuestros Stoppers son duraderos y pueden soportar el uso diario en entornos comerciales sin perder su atractivo visual.<br \/>\n<strong>Personalizaci\u00f3n:<\/strong>\u00a0Ofrecemos opciones de personalizaci\u00f3n completa para que puedas agregar tu logotipo, mensajes publicitarios y gr\u00e1ficos relevantes a los Stoppers. Esto te permite crear elementos que se alineen perfectamente con la imagen de tu marca y tus objetivos de marketing.<br \/>\n<strong>Impacto en las Ventas:<\/strong>\u00a0Al captar la atenci\u00f3n de los clientes potenciales y destacar tus productos o promociones, los Stoppers pueden ayudar a aumentar las ventas y mejorar la visibilidad de tu marca en el punto de venta.<\/p>\n","protected":false},"excerpt":{"rendered":"<p>Descripci\u00f3n del Producto: Los Stoppers son un soporte para tus estanter\u00edas, una herramienta efectiva para captar la atenci\u00f3n de clientes potenciales en puntos de venta, exposiciones o eventos promocionales. Dise\u00f1ados para destacar tus mensajes publicitarios de manera llamativa, estos elementos son ideales para resaltar ofertas especiales, promociones o nuevos productos.Fabricados con materiales de alta calidad, &#8230; <a title=\"Stoppers\" class=\"read-more\" href=\"https:\/\/pypaprint.com\/?product=stoppers\" aria-label=\"Leer m\u00e1s sobre Stoppers\">Leer m\u00e1s<\/a><\/p>\n","protected":false},"featured_media":366,"comment_status":"open","ping_status":"closed","template":"","meta":{"_acf_changed":false,"_joinchat":[]},"product_brand":[],"product_cat":[17,25],"product_tag":[],"class_list":{"0":"post-84","1":"product","2":"type-product","3":"status-publish","4":"has-post-thumbnail","6":"product_cat-hosteleria","7":"product_cat-material-publicitario-para-hosteleria","9":"first","10":"instock","11":"taxable","12":"shipping-taxable","13":"purchasable","14":"product-type-variable"},"acf":[],"_links":{"self":[{"href":"https:\/\/pypaprint.com\/index.php?rest_route=\/wp\/v2\/product\/84","targetHints":{"allow":["GET"]}}],"collection":[{"href":"https:\/\/pypaprint.com\/index.php?rest_route=\/wp\/v2\/product"}],"about":[{"href":"https:\/\/pypaprint.com\/index.php?rest_route=\/wp\/v2\/types\/product"}],"replies":[{"embeddable":true,"href":"https:\/\/pypaprint.com\/index.php?rest_route=%2Fwp%2Fv2%2Fcomments&post=84"}],"wp:featuredmedia":[{"embeddable":true,"href":"https:\/\/pypaprint.com\/index.php?rest_route=\/wp\/v2\/media\/366"}],"wp:attachment":[{"href":"https:\/\/pypaprint.com\/index.php?rest_route=%2Fwp%2Fv2%2Fmedia&parent=84"}],"wp:term":[{"taxonomy":"product_brand","embeddable":true,"href":"https:\/\/pypaprint.com\/index.php?rest_route=%2Fwp%2Fv2%2Fproduct_brand&post=84"},{"taxonomy":"product_cat","embeddable":true,"href":"https:\/\/pypaprint.com\/index.php?rest_route=%2Fwp%2Fv2%2Fproduct_cat&post=84"},{"taxonomy":"product_tag","embeddable":true,"href":"https:\/\/pypaprint.com\/index.php?rest_route=%2Fwp%2Fv2%2Fproduct_tag&post=84"}],"curies":[{"name":"wp","href":"https:\/\/api.w.org\/{rel}","templated":true}]}}