{"id":79,"date":"2025-10-17T23:16:27","date_gmt":"2025-10-17T23:16:27","guid":{"rendered":"https:\/\/pypaprint.com\/?post_type=product&#038;p=79"},"modified":"2025-10-29T00:07:47","modified_gmt":"2025-10-29T00:07:47","slug":"porta-carta-triple","status":"publish","type":"product","link":"https:\/\/pypaprint.com\/?product=porta-carta-triple","title":{"rendered":"Porta Carta Triple"},"content":{"rendered":"<p>Descripci\u00f3n de Producto:<\/p>\n<p>Expositor de metacrilato transparente de sobremesa con 3 espacios para folletos y cat\u00e1logos de tama\u00f1o A5.<\/p>\n<p>Caracter\u00edsticas Principales:<\/p>\n<ul>\n<li>Sobremesa \/ Pared<\/li>\n<li>3 x A5 vertical<\/li>\n<li>Profundidad de recept\u00e1culo de 32 mm<\/li>\n<\/ul>\n<p><img fetchpriority=\"high\" decoding=\"async\" class=\"alignnone wp-image-80 size-full\" src=\"http:\/\/pypaprint.com\/wp-content\/uploads\/2025\/10\/portacartatriplea5.jpg\" alt=\"\" width=\"1146\" height=\"681\" srcset=\"https:\/\/pypaprint.com\/wp-content\/uploads\/2025\/10\/portacartatriplea5.jpg 1146w, https:\/\/pypaprint.com\/wp-content\/uploads\/2025\/10\/portacartatriplea5-600x357.jpg 600w, https:\/\/pypaprint.com\/wp-content\/uploads\/2025\/10\/portacartatriplea5-300x178.jpg 300w, https:\/\/pypaprint.com\/wp-content\/uploads\/2025\/10\/portacartatriplea5-1024x609.jpg 1024w, https:\/\/pypaprint.com\/wp-content\/uploads\/2025\/10\/portacartatriplea5-768x456.jpg 768w\" sizes=\"(max-width: 1146px) 100vw, 1146px\" \/><\/p>\n","protected":false},"excerpt":{"rendered":"<p>Descripci\u00f3n de Producto: Expositor de metacrilato transparente de sobremesa con 3 espacios para folletos y cat\u00e1logos de tama\u00f1o A5. Caracter\u00edsticas Principales: Sobremesa \/ Pared 3 x A5 vertical Profundidad de recept\u00e1culo de 32 mm<\/p>\n","protected":false},"featured_media":328,"comment_status":"open","ping_status":"closed","template":"","meta":{"_acf_changed":false,"_joinchat":[]},"product_brand":[],"product_cat":[17,25,266],"product_tag":[],"class_list":{"0":"post-79","1":"product","2":"type-product","3":"status-publish","4":"has-post-thumbnail","6":"product_cat-hosteleria","7":"product_cat-material-publicitario-para-hosteleria","8":"product_cat-porta-carta","10":"first","11":"instock","12":"taxable","13":"shipping-taxable","14":"purchasable","15":"product-type-variable"},"acf":[],"_links":{"self":[{"href":"https:\/\/pypaprint.com\/index.php?rest_route=\/wp\/v2\/product\/79","targetHints":{"allow":["GET"]}}],"collection":[{"href":"https:\/\/pypaprint.com\/index.php?rest_route=\/wp\/v2\/product"}],"about":[{"href":"https:\/\/pypaprint.com\/index.php?rest_route=\/wp\/v2\/types\/product"}],"replies":[{"embeddable":true,"href":"https:\/\/pypaprint.com\/index.php?rest_route=%2Fwp%2Fv2%2Fcomments&post=79"}],"wp:featuredmedia":[{"embeddable":true,"href":"https:\/\/pypaprint.com\/index.php?rest_route=\/wp\/v2\/media\/328"}],"wp:attachment":[{"href":"https:\/\/pypaprint.com\/index.php?rest_route=%2Fwp%2Fv2%2Fmedia&parent=79"}],"wp:term":[{"taxonomy":"product_brand","embeddable":true,"href":"https:\/\/pypaprint.com\/index.php?rest_route=%2Fwp%2Fv2%2Fproduct_brand&post=79"},{"taxonomy":"product_cat","embeddable":true,"href":"https:\/\/pypaprint.com\/index.php?rest_route=%2Fwp%2Fv2%2Fproduct_cat&post=79"},{"taxonomy":"product_tag","embeddable":true,"href":"https:\/\/pypaprint.com\/index.php?rest_route=%2Fwp%2Fv2%2Fproduct_tag&post=79"}],"curies":[{"name":"wp","href":"https:\/\/api.w.org\/{rel}","templated":true}]}}