{"id":71,"date":"2025-10-17T23:11:45","date_gmt":"2025-10-17T23:11:45","guid":{"rendered":"https:\/\/pypaprint.com\/?post_type=product&#038;p=71"},"modified":"2025-10-29T00:15:47","modified_gmt":"2025-10-29T00:15:47","slug":"caballete-de-madera-economico","status":"publish","type":"product","link":"https:\/\/pypaprint.com\/?product=caballete-de-madera-economico","title":{"rendered":"Caballete de Madera Econ\u00f3mico"},"content":{"rendered":"<p>Pizarra de alta calidad y atractivo precio dise\u00f1ada para destacar tu bar o restaurante. Es una pieza promocional especializada para hosteler\u00eda, apta tanto para interiores como exteriores.\u00a0Dise\u00f1o tipo caballete ideal para presentar ofertas, men\u00fas y promociones, brindando una destacada visibilidad a tu negocio,\u00a0disponible en varios colores, como negro, marr\u00f3n claro y marr\u00f3n oscuro. Vers\u00e1til para su uso en ambientes internos y en exteriores, bajo techo.\u00a0Facilita la escritura con rotuladores y tiza para una presentaci\u00f3n personalizada, es de f\u00e1cil limpieza, proporcionando una soluci\u00f3n pr\u00e1ctica y efectiva para mantener la informaci\u00f3n actualizada.<\/p>\n<p><img fetchpriority=\"high\" decoding=\"async\" class=\"alignnone wp-image-72 size-full\" src=\"http:\/\/pypaprint.com\/wp-content\/uploads\/2025\/10\/caballetemadera.jpg\" alt=\"\" width=\"1177\" height=\"717\" srcset=\"https:\/\/pypaprint.com\/wp-content\/uploads\/2025\/10\/caballetemadera.jpg 1177w, https:\/\/pypaprint.com\/wp-content\/uploads\/2025\/10\/caballetemadera-600x366.jpg 600w, https:\/\/pypaprint.com\/wp-content\/uploads\/2025\/10\/caballetemadera-300x183.jpg 300w, https:\/\/pypaprint.com\/wp-content\/uploads\/2025\/10\/caballetemadera-1024x624.jpg 1024w, https:\/\/pypaprint.com\/wp-content\/uploads\/2025\/10\/caballetemadera-768x468.jpg 768w\" sizes=\"(max-width: 1177px) 100vw, 1177px\" \/><\/p>\n","protected":false},"excerpt":{"rendered":"<p>Pizarra de alta calidad y atractivo precio dise\u00f1ada para destacar tu bar o restaurante. Es una pieza promocional especializada para hosteler\u00eda, apta tanto para interiores como exteriores.\u00a0Dise\u00f1o tipo caballete ideal para presentar ofertas, men\u00fas y promociones, brindando una destacada visibilidad a tu negocio,\u00a0disponible en varios colores, como negro, marr\u00f3n claro y marr\u00f3n oscuro. Vers\u00e1til para &#8230; <a title=\"Caballete de Madera Econ\u00f3mico\" class=\"read-more\" href=\"https:\/\/pypaprint.com\/?product=caballete-de-madera-economico\" aria-label=\"Leer m\u00e1s sobre Caballete de Madera Econ\u00f3mico\">Leer m\u00e1s<\/a><\/p>\n","protected":false},"featured_media":295,"comment_status":"open","ping_status":"closed","template":"","meta":{"_acf_changed":false,"_joinchat":[]},"product_brand":[],"product_cat":[263,17,25],"product_tag":[],"class_list":{"0":"post-71","1":"product","2":"type-product","3":"status-publish","4":"has-post-thumbnail","6":"product_cat-caballetes","7":"product_cat-hosteleria","8":"product_cat-material-publicitario-para-hosteleria","10":"first","11":"instock","12":"taxable","13":"shipping-taxable","14":"purchasable","15":"product-type-variable"},"acf":[],"_links":{"self":[{"href":"https:\/\/pypaprint.com\/index.php?rest_route=\/wp\/v2\/product\/71","targetHints":{"allow":["GET"]}}],"collection":[{"href":"https:\/\/pypaprint.com\/index.php?rest_route=\/wp\/v2\/product"}],"about":[{"href":"https:\/\/pypaprint.com\/index.php?rest_route=\/wp\/v2\/types\/product"}],"replies":[{"embeddable":true,"href":"https:\/\/pypaprint.com\/index.php?rest_route=%2Fwp%2Fv2%2Fcomments&post=71"}],"wp:featuredmedia":[{"embeddable":true,"href":"https:\/\/pypaprint.com\/index.php?rest_route=\/wp\/v2\/media\/295"}],"wp:attachment":[{"href":"https:\/\/pypaprint.com\/index.php?rest_route=%2Fwp%2Fv2%2Fmedia&parent=71"}],"wp:term":[{"taxonomy":"product_brand","embeddable":true,"href":"https:\/\/pypaprint.com\/index.php?rest_route=%2Fwp%2Fv2%2Fproduct_brand&post=71"},{"taxonomy":"product_cat","embeddable":true,"href":"https:\/\/pypaprint.com\/index.php?rest_route=%2Fwp%2Fv2%2Fproduct_cat&post=71"},{"taxonomy":"product_tag","embeddable":true,"href":"https:\/\/pypaprint.com\/index.php?rest_route=%2Fwp%2Fv2%2Fproduct_tag&post=71"}],"curies":[{"name":"wp","href":"https:\/\/api.w.org\/{rel}","templated":true}]}}