{"id":67,"date":"2025-10-17T23:10:05","date_gmt":"2025-10-17T23:10:05","guid":{"rendered":"https:\/\/pypaprint.com\/?post_type=product&#038;p=67"},"modified":"2025-10-29T00:20:10","modified_gmt":"2025-10-29T00:20:10","slug":"caballete-a1-doble-cara","status":"publish","type":"product","link":"https:\/\/pypaprint.com\/?product=caballete-a1-doble-cara","title":{"rendered":"Caballete A1 Doble Cara."},"content":{"rendered":"<p>Tus promociones, siempre visibles, con el caballete A2 o cartel publicitario de aluminio A2 de doble cara, fabricado con aluminio de primera categor\u00eda disponible en variados grosores y dise\u00f1os, cuenta con protecci\u00f3n \u00f3ptima los anuncios: l\u00e1mina frontal antirreflectante, con protecci\u00f3n UV, es manejable y simple de transportar. Puedes cambiar los carteles de forma sencilla, debido a su f\u00e1cil y pr\u00e1ctico sistema de sujeci\u00f3n. Brinda estabilidad gracias a sus patas de aluminio con extremos de pl\u00e1stico, ideal para que se mantenga en pie y llame la atenci\u00f3n de tus clientes.<\/p>\n<p>&nbsp;<\/p>\n<p><img fetchpriority=\"high\" decoding=\"async\" class=\"alignnone wp-image-68 size-full\" src=\"http:\/\/pypaprint.com\/wp-content\/uploads\/2025\/10\/caballetea2.jpg\" alt=\"\" width=\"1154\" height=\"702\" srcset=\"https:\/\/pypaprint.com\/wp-content\/uploads\/2025\/10\/caballetea2.jpg 1154w, https:\/\/pypaprint.com\/wp-content\/uploads\/2025\/10\/caballetea2-600x365.jpg 600w, https:\/\/pypaprint.com\/wp-content\/uploads\/2025\/10\/caballetea2-300x182.jpg 300w, https:\/\/pypaprint.com\/wp-content\/uploads\/2025\/10\/caballetea2-1024x623.jpg 1024w, https:\/\/pypaprint.com\/wp-content\/uploads\/2025\/10\/caballetea2-768x467.jpg 768w\" sizes=\"(max-width: 1154px) 100vw, 1154px\" \/><\/p>\n","protected":false},"excerpt":{"rendered":"<p>Tus promociones, siempre visibles, con el caballete A2 o cartel publicitario de aluminio A2 de doble cara, fabricado con aluminio de primera categor\u00eda disponible en variados grosores y dise\u00f1os, cuenta con protecci\u00f3n \u00f3ptima los anuncios: l\u00e1mina frontal antirreflectante, con protecci\u00f3n UV, es manejable y simple de transportar. Puedes cambiar los carteles de forma sencilla, debido &#8230; <a title=\"Caballete A1 Doble Cara.\" class=\"read-more\" href=\"https:\/\/pypaprint.com\/?product=caballete-a1-doble-cara\" aria-label=\"Leer m\u00e1s sobre Caballete A1 Doble Cara.\">Leer m\u00e1s<\/a><\/p>\n","protected":false},"featured_media":374,"comment_status":"open","ping_status":"closed","template":"","meta":{"_acf_changed":false,"_joinchat":[]},"product_brand":[],"product_cat":[263,17,25],"product_tag":[],"class_list":{"0":"post-67","1":"product","2":"type-product","3":"status-publish","4":"has-post-thumbnail","6":"product_cat-caballetes","7":"product_cat-hosteleria","8":"product_cat-material-publicitario-para-hosteleria","10":"first","11":"instock","12":"taxable","13":"shipping-taxable","14":"purchasable","15":"product-type-variable"},"acf":[],"_links":{"self":[{"href":"https:\/\/pypaprint.com\/index.php?rest_route=\/wp\/v2\/product\/67","targetHints":{"allow":["GET"]}}],"collection":[{"href":"https:\/\/pypaprint.com\/index.php?rest_route=\/wp\/v2\/product"}],"about":[{"href":"https:\/\/pypaprint.com\/index.php?rest_route=\/wp\/v2\/types\/product"}],"replies":[{"embeddable":true,"href":"https:\/\/pypaprint.com\/index.php?rest_route=%2Fwp%2Fv2%2Fcomments&post=67"}],"wp:featuredmedia":[{"embeddable":true,"href":"https:\/\/pypaprint.com\/index.php?rest_route=\/wp\/v2\/media\/374"}],"wp:attachment":[{"href":"https:\/\/pypaprint.com\/index.php?rest_route=%2Fwp%2Fv2%2Fmedia&parent=67"}],"wp:term":[{"taxonomy":"product_brand","embeddable":true,"href":"https:\/\/pypaprint.com\/index.php?rest_route=%2Fwp%2Fv2%2Fproduct_brand&post=67"},{"taxonomy":"product_cat","embeddable":true,"href":"https:\/\/pypaprint.com\/index.php?rest_route=%2Fwp%2Fv2%2Fproduct_cat&post=67"},{"taxonomy":"product_tag","embeddable":true,"href":"https:\/\/pypaprint.com\/index.php?rest_route=%2Fwp%2Fv2%2Fproduct_tag&post=67"}],"curies":[{"name":"wp","href":"https:\/\/api.w.org\/{rel}","templated":true}]}}