{"id":63,"date":"2025-10-17T23:08:19","date_gmt":"2025-10-17T23:08:19","guid":{"rendered":"https:\/\/pypaprint.com\/?post_type=product&#038;p=63"},"modified":"2025-11-03T07:12:43","modified_gmt":"2025-11-03T07:12:43","slug":"cono-multiuso","status":"publish","type":"product","link":"https:\/\/pypaprint.com\/cono-multiuso\/","title":{"rendered":"Cono Multiuso"},"content":{"rendered":"<p><strong>Descripci\u00f3n del Producto:<\/strong><\/p>\n<p>Los conos son una modelo de packaging perfecto para presentar teque\u00f1os, papas fritas o cualquier tapa, pasapalo, o contorno, de manera diferente y pr\u00e1ctica, deleitando a tus clientes con una experiencia divertida. Estos conos destacan por su excepcional resistencia, mientras promueven la sostenibilidad. Hechos con los mejores materiales, reflejan una propuesta diferente, ofreciendo una alternativa estilizada para tus eventos.<\/p>\n<p>&nbsp;<\/p>\n<p><strong>Caracter\u00edsticas Principales:<\/strong><\/p>\n<p><strong>Papel de Alta Calidad:\u00a0<\/strong>Se realizan con folding, que es un tipo de cart\u00f3n parecido a una cartulina, cuya manipulaci\u00f3n y plegado es altamente manejable.<\/p>\n<p><strong>Personalizaci\u00f3n Exclusiva:\u00a0<\/strong>Creemos en la importancia de visibilizar tu marca. Te ofrecemos la opci\u00f3n de personalizar los conos con tu logotipo, dise\u00f1o especial o mensaje personalizado. Destaca y crea una experiencia \u00fanica para tus clientes.<\/p>\n<p>&nbsp;<\/p>\n","protected":false},"excerpt":{"rendered":"<p>Descripci\u00f3n del Producto: Los conos son una modelo de packaging perfecto para presentar teque\u00f1os, papas fritas o cualquier tapa, pasapalo, o contorno, de manera diferente y pr\u00e1ctica, deleitando a tus clientes con una experiencia divertida. Estos conos destacan por su excepcional resistencia, mientras promueven la sostenibilidad. Hechos con los mejores materiales, reflejan una propuesta diferente, &#8230; <a title=\"Cono Multiuso\" class=\"read-more\" href=\"https:\/\/pypaprint.com\/cono-multiuso\/\" aria-label=\"Leer m\u00e1s sobre Cono Multiuso\">Leer m\u00e1s<\/a><\/p>\n","protected":false},"featured_media":282,"comment_status":"open","ping_status":"closed","template":"","meta":{"_acf_changed":false,"_joinchat":[]},"product_brand":[],"product_cat":[277,17,24],"product_tag":[],"class_list":{"0":"post-63","1":"product","2":"type-product","3":"status-publish","4":"has-post-thumbnail","6":"product_cat-automontables","7":"product_cat-hosteleria","8":"product_cat-packaging-takeaway","10":"first","11":"instock","12":"taxable","13":"shipping-taxable","14":"purchasable","15":"product-type-variable","16":"has-default-attributes"},"acf":[],"_links":{"self":[{"href":"https:\/\/pypaprint.com\/wp-json\/wp\/v2\/product\/63","targetHints":{"allow":["GET"]}}],"collection":[{"href":"https:\/\/pypaprint.com\/wp-json\/wp\/v2\/product"}],"about":[{"href":"https:\/\/pypaprint.com\/wp-json\/wp\/v2\/types\/product"}],"replies":[{"embeddable":true,"href":"https:\/\/pypaprint.com\/wp-json\/wp\/v2\/comments?post=63"}],"wp:featuredmedia":[{"embeddable":true,"href":"https:\/\/pypaprint.com\/wp-json\/wp\/v2\/media\/282"}],"wp:attachment":[{"href":"https:\/\/pypaprint.com\/wp-json\/wp\/v2\/media?parent=63"}],"wp:term":[{"taxonomy":"product_brand","embeddable":true,"href":"https:\/\/pypaprint.com\/wp-json\/wp\/v2\/product_brand?post=63"},{"taxonomy":"product_cat","embeddable":true,"href":"https:\/\/pypaprint.com\/wp-json\/wp\/v2\/product_cat?post=63"},{"taxonomy":"product_tag","embeddable":true,"href":"https:\/\/pypaprint.com\/wp-json\/wp\/v2\/product_tag?post=63"}],"curies":[{"name":"wp","href":"https:\/\/api.w.org\/{rel}","templated":true}]}}