{"id":62,"date":"2025-10-17T23:08:01","date_gmt":"2025-10-17T23:08:01","guid":{"rendered":"https:\/\/pypaprint.com\/?post_type=product&#038;p=62"},"modified":"2025-11-03T07:10:42","modified_gmt":"2025-11-03T07:10:42","slug":"mantel-offset","status":"publish","type":"product","link":"https:\/\/pypaprint.com\/?product=mantel-offset","title":{"rendered":"Mantel Offset"},"content":{"rendered":"<p><b><strong>Descripci\u00f3n del Producto:<\/strong><\/b><\/p>\n<p>En Pypa Print te ofrecemos productos de alta calidad que resaltar\u00e1n la imagen de tu negocio. Imprime un tono sofisticado y original a tus mesas con nuestros manteles personalizados en papel offset de 80 gramos. Con tu marca y dise\u00f1os en tus manteles, podr\u00e1s crear una experiencia memorable para tus invitados. \u00a1Haz que cada comida sea una ocasi\u00f3n especial!<\/p>\n<p><b><strong>Caracter\u00edsticas Principales:<\/strong><\/b><\/p>\n<ul>\n<li><b><strong>Papel Offset de Alta Calidad:<\/strong><\/b> Nuestros manteles est\u00e1n fabricados con papel offset de 80 gramos, lo que les confiere una resistencia excepcional y una apariencia profesional. Adem\u00e1s, el papel offset proporciona una superficie suave y agradable al tacto.<\/li>\n<li><b><strong>Personalizaci\u00f3n Exclusiva:<\/strong><\/b> En pypaprint.com, creemos en la importancia de la marca. Ofrecemos la opci\u00f3n de personalizar estos manteles con tu logotipo, dise\u00f1o especial o mensaje personalizado. Destaca y crea una experiencia \u00fanica para tus clientes.<\/li>\n<li><b><strong>Variedad de Tama\u00f1os Disponibles:<\/strong><\/b> Contamos con una amplia variedad de tama\u00f1os para adaptarse a tus mesas, desde peque\u00f1as mesas individuales hasta mesas de banquete m\u00e1s grandes. Esto te permite elegir el tama\u00f1o perfecto para tus necesidades.<\/li>\n<\/ul>\n","protected":false},"excerpt":{"rendered":"<p>Descripci\u00f3n del Producto: En Pypa Print te ofrecemos productos de alta calidad que resaltar\u00e1n la imagen de tu negocio. Imprime un tono sofisticado y original a tus mesas con nuestros manteles personalizados en papel offset de 80 gramos. Con tu marca y dise\u00f1os en tus manteles, podr\u00e1s crear una experiencia memorable para tus invitados. \u00a1Haz &#8230; <a title=\"Mantel Offset\" class=\"read-more\" href=\"https:\/\/pypaprint.com\/?product=mantel-offset\" aria-label=\"Leer m\u00e1s sobre Mantel Offset\">Leer m\u00e1s<\/a><\/p>\n","protected":false},"featured_media":329,"comment_status":"open","ping_status":"closed","template":"","meta":{"_acf_changed":false,"_joinchat":[]},"product_brand":[],"product_cat":[17,16],"product_tag":[],"class_list":{"0":"post-62","1":"product","2":"type-product","3":"status-publish","4":"has-post-thumbnail","6":"product_cat-hosteleria","7":"product_cat-manteles-de-papel-personalizados-desechables","9":"first","10":"instock","11":"taxable","12":"shipping-taxable","13":"purchasable","14":"product-type-variable","15":"has-default-attributes"},"acf":[],"_links":{"self":[{"href":"https:\/\/pypaprint.com\/index.php?rest_route=\/wp\/v2\/product\/62","targetHints":{"allow":["GET"]}}],"collection":[{"href":"https:\/\/pypaprint.com\/index.php?rest_route=\/wp\/v2\/product"}],"about":[{"href":"https:\/\/pypaprint.com\/index.php?rest_route=\/wp\/v2\/types\/product"}],"replies":[{"embeddable":true,"href":"https:\/\/pypaprint.com\/index.php?rest_route=%2Fwp%2Fv2%2Fcomments&post=62"}],"wp:featuredmedia":[{"embeddable":true,"href":"https:\/\/pypaprint.com\/index.php?rest_route=\/wp\/v2\/media\/329"}],"wp:attachment":[{"href":"https:\/\/pypaprint.com\/index.php?rest_route=%2Fwp%2Fv2%2Fmedia&parent=62"}],"wp:term":[{"taxonomy":"product_brand","embeddable":true,"href":"https:\/\/pypaprint.com\/index.php?rest_route=%2Fwp%2Fv2%2Fproduct_brand&post=62"},{"taxonomy":"product_cat","embeddable":true,"href":"https:\/\/pypaprint.com\/index.php?rest_route=%2Fwp%2Fv2%2Fproduct_cat&post=62"},{"taxonomy":"product_tag","embeddable":true,"href":"https:\/\/pypaprint.com\/index.php?rest_route=%2Fwp%2Fv2%2Fproduct_tag&post=62"}],"curies":[{"name":"wp","href":"https:\/\/api.w.org\/{rel}","templated":true}]}}