{"id":61,"date":"2025-10-17T23:06:39","date_gmt":"2025-10-17T23:06:39","guid":{"rendered":"https:\/\/pypaprint.com\/?post_type=product&#038;p=61"},"modified":"2025-10-19T19:52:04","modified_gmt":"2025-10-19T19:52:04","slug":"mantel-kraft","status":"publish","type":"product","link":"https:\/\/pypaprint.com\/?product=mantel-kraft","title":{"rendered":"Mantel Kraft"},"content":{"rendered":"<p style=\"font-weight: 400;\">Nuestros manteles personalizados en papel kraft de 70 gramos te permitir\u00e1n dar un toque r\u00fastico e inigualable a tus mesas. Descubre todas las opciones y dest\u00e1cate de la competencia con Pypa Print. Te ofrecemos distintas t\u00e9cnicas de impresi\u00f3n para adecuarnos a tus necesidades, siempre utilizando tintas y toners respetuosos con el medio ambiente y seguros para el contacto alimentario.<\/p>\n<p style=\"font-weight: 400;\"><b><strong>Caracter\u00edsticas Principales:<\/strong><\/b><\/p>\n<ul style=\"font-weight: 400;\">\n<li><b><strong>Papel Kraft de Calidad:<\/strong><\/b> Nuestros manteles est\u00e1n fabricados con papel kraft de 70 gramos, que combina la resistencia con la calidez del aspecto r\u00fastico. Esto crea una presentaci\u00f3n encantadora y \u00fanica para tus mesas.<\/li>\n<li><b><strong>Personalizaci\u00f3n Creativa:<\/strong><\/b> Te brindamos la opci\u00f3n de personalizar estos manteles con tu dise\u00f1o exclusivo, logotipo o mensaje especial. Destaca y crea una experiencia \u00fanica para tus invitados o clientes.<\/li>\n<li><b><strong>Variedad de Tama\u00f1os Disponibles:<\/strong><\/b> Ofrecemos una amplia gama de tama\u00f1os para adaptarse a tus mesas, desde peque\u00f1as mesas individuales hasta grandes mesas de banquete. Esto te permite elegir el tama\u00f1o ideal para tus necesidades.<\/li>\n<\/ul>\n","protected":false},"excerpt":{"rendered":"<p>Nuestros manteles personalizados en papel kraft de 70 gramos te permitir\u00e1n dar un toque r\u00fastico e inigualable a tus mesas. Descubre todas las opciones y dest\u00e1cate de la competencia con Pypa Print. Te ofrecemos distintas t\u00e9cnicas de impresi\u00f3n para adecuarnos a tus necesidades, siempre utilizando tintas y toners respetuosos con el medio ambiente y seguros &#8230; <a title=\"Mantel Kraft\" class=\"read-more\" href=\"https:\/\/pypaprint.com\/?product=mantel-kraft\" aria-label=\"Leer m\u00e1s sobre Mantel Kraft\">Leer m\u00e1s<\/a><\/p>\n","protected":false},"featured_media":358,"comment_status":"open","ping_status":"closed","template":"","meta":{"_acf_changed":false,"_joinchat":[]},"product_brand":[],"product_cat":[17,16],"product_tag":[],"class_list":{"0":"post-61","1":"product","2":"type-product","3":"status-publish","4":"has-post-thumbnail","6":"product_cat-hosteleria","7":"product_cat-manteles-de-papel-personalizados-desechables","9":"first","10":"instock","11":"taxable","12":"shipping-taxable","13":"purchasable","14":"product-type-variable","15":"has-default-attributes"},"acf":[],"_links":{"self":[{"href":"https:\/\/pypaprint.com\/index.php?rest_route=\/wp\/v2\/product\/61","targetHints":{"allow":["GET"]}}],"collection":[{"href":"https:\/\/pypaprint.com\/index.php?rest_route=\/wp\/v2\/product"}],"about":[{"href":"https:\/\/pypaprint.com\/index.php?rest_route=\/wp\/v2\/types\/product"}],"replies":[{"embeddable":true,"href":"https:\/\/pypaprint.com\/index.php?rest_route=%2Fwp%2Fv2%2Fcomments&post=61"}],"wp:featuredmedia":[{"embeddable":true,"href":"https:\/\/pypaprint.com\/index.php?rest_route=\/wp\/v2\/media\/358"}],"wp:attachment":[{"href":"https:\/\/pypaprint.com\/index.php?rest_route=%2Fwp%2Fv2%2Fmedia&parent=61"}],"wp:term":[{"taxonomy":"product_brand","embeddable":true,"href":"https:\/\/pypaprint.com\/index.php?rest_route=%2Fwp%2Fv2%2Fproduct_brand&post=61"},{"taxonomy":"product_cat","embeddable":true,"href":"https:\/\/pypaprint.com\/index.php?rest_route=%2Fwp%2Fv2%2Fproduct_cat&post=61"},{"taxonomy":"product_tag","embeddable":true,"href":"https:\/\/pypaprint.com\/index.php?rest_route=%2Fwp%2Fv2%2Fproduct_tag&post=61"}],"curies":[{"name":"wp","href":"https:\/\/api.w.org\/{rel}","templated":true}]}}