{"id":2681,"date":"2025-12-17T09:04:32","date_gmt":"2025-12-17T09:04:32","guid":{"rendered":"https:\/\/pypaprint.com\/?post_type=product&#038;p=2681"},"modified":"2026-01-05T08:20:05","modified_gmt":"2026-01-05T08:20:05","slug":"pala-hot-dog","status":"publish","type":"product","link":"https:\/\/pypaprint.com\/?product=pala-hot-dog","title":{"rendered":"Pala Hot dog"},"content":{"rendered":"<p>La Pala Hot Dog es un envase abierto, ergon\u00f3mico y pr\u00e1ctico dise\u00f1ado para servir perritos<br \/>\ncalientes o wraps de forma c\u00f3moda, limpia y con una presentaci\u00f3n profesional. Destaca por<br \/>\nsu dise\u00f1o tipo pala o bandeja abierta para hacer m\u00e1s sencillo el consumo de hot dog sin<br \/>\nnecesidad de platos adicionales.<br \/>\nDispones de este producto en papel reciclado 350 g, un material apto para contacto<br \/>\nalimentario y resistente a la grasa, lo que evita que el envase se deteriore con salsas o<br \/>\naceites. Ideal para hot dogs tradicionales, perritos calientes gourmet, salchichas<br \/>\nvegetarianas, wraps o bocadillos alargados.<\/p>\n<h2>\nUsos recomendados<\/h2>\n<p>Establecimientos de comida r\u00e1pida<br \/>\nFood trucks y take away<br \/>\nEventos y festivales<br \/>\nCines y recintos de ocio<br \/>\nNegocios con enfoque sostenible<\/p>\n<h2>\nCaracter\u00edsticas principales<\/h2>\n<p>\u2714 Formato ergon\u00f3mico y funcional. Dise\u00f1o tipo pala que facilita coger y sostener el hot<br \/>\ndog para consumirlo en el envase sin necesidad de vajilla adicional. Garantiza comodidad a<br \/>\ntu cliente.<br \/>\n\u2714 Papel reciclado 350 g. Fabricado con material reciclado 350 g para reforzar el<br \/>\ncompromiso ecol\u00f3gico de tu negocio.Reciclable, desechable y biodegradable. Apto para uso<br \/>\nalimentario y resistente a la grasa.<br \/>\n\u2714 Listo para usar. La caja se entrega pre-armada. Dise\u00f1o automontable que ahorra tiempo<br \/>\ny espacio de almacenamiento.<br \/>\n\u2714 Personalizaci\u00f3n disponible. Puedes solicitar impresi\u00f3n full color para reforzar tu marca<br \/>\ncon un envase alineado a tu identidad corporativa.<br \/>\n\u2714 Variedad de tama\u00f1os. Disponible en m\u00faltiples tama\u00f1os para adaptarse a distintos<br \/>\nformatos de hot dog y bocadillos.<\/p>\n<h2>\nBeneficios del envase para hot dog tipo pala<\/h2>\n<p>\u25cf Eficiencia en el servicio. Sirve hot dog sin la necesidad de platos adicionales y con<br \/>\nrapidez gracias a su dise\u00f1o automontable.<br \/>\n\u25cf Compatible con take away. Ligero, pr\u00e1ctico y f\u00e1cil de comer por la calle. Su dise\u00f1o<br \/>\nes perfecto para el consumo de alimentos en movimiento.<br \/>\n\u25cf Presentaci\u00f3n profesional: Destaca tus productos de manera uniforme y atractiva<br \/>\nmejorando la experiencia del cliente final.<br \/>\n\u25cf Resistente a grasas. Ideal para alimentos con salsas o ingredientes jugosos.<\/p>\n","protected":false},"excerpt":{"rendered":"<p>La Pala Hot Dog es un envase abierto, ergon\u00f3mico y pr\u00e1ctico dise\u00f1ado para servir perritos calientes o wraps de forma c\u00f3moda, limpia y con una presentaci\u00f3n profesional. Destaca por su dise\u00f1o tipo pala o bandeja abierta para hacer m\u00e1s sencillo el consumo de hot dog sin necesidad de platos adicionales. Dispones de este producto en &#8230; <a title=\"Pala Hot dog\" class=\"read-more\" href=\"https:\/\/pypaprint.com\/?product=pala-hot-dog\" aria-label=\"Leer m\u00e1s sobre Pala Hot dog\">Leer m\u00e1s<\/a><\/p>\n","protected":false},"featured_media":2694,"comment_status":"open","ping_status":"closed","template":"","meta":{"_acf_changed":false,"_joinchat":[]},"product_brand":[],"product_cat":[21,18],"product_tag":[],"class_list":{"0":"post-2681","1":"product","2":"type-product","3":"status-publish","4":"has-post-thumbnail","6":"product_cat-food-truck","7":"product_cat-packaging","9":"first","10":"instock","11":"taxable","12":"shipping-taxable","13":"purchasable","14":"product-type-variable"},"acf":[],"_links":{"self":[{"href":"https:\/\/pypaprint.com\/index.php?rest_route=\/wp\/v2\/product\/2681","targetHints":{"allow":["GET"]}}],"collection":[{"href":"https:\/\/pypaprint.com\/index.php?rest_route=\/wp\/v2\/product"}],"about":[{"href":"https:\/\/pypaprint.com\/index.php?rest_route=\/wp\/v2\/types\/product"}],"replies":[{"embeddable":true,"href":"https:\/\/pypaprint.com\/index.php?rest_route=%2Fwp%2Fv2%2Fcomments&post=2681"}],"wp:featuredmedia":[{"embeddable":true,"href":"https:\/\/pypaprint.com\/index.php?rest_route=\/wp\/v2\/media\/2694"}],"wp:attachment":[{"href":"https:\/\/pypaprint.com\/index.php?rest_route=%2Fwp%2Fv2%2Fmedia&parent=2681"}],"wp:term":[{"taxonomy":"product_brand","embeddable":true,"href":"https:\/\/pypaprint.com\/index.php?rest_route=%2Fwp%2Fv2%2Fproduct_brand&post=2681"},{"taxonomy":"product_cat","embeddable":true,"href":"https:\/\/pypaprint.com\/index.php?rest_route=%2Fwp%2Fv2%2Fproduct_cat&post=2681"},{"taxonomy":"product_tag","embeddable":true,"href":"https:\/\/pypaprint.com\/index.php?rest_route=%2Fwp%2Fv2%2Fproduct_tag&post=2681"}],"curies":[{"name":"wp","href":"https:\/\/api.w.org\/{rel}","templated":true}]}}