{"id":2675,"date":"2025-12-17T08:44:06","date_gmt":"2025-12-17T08:44:06","guid":{"rendered":"https:\/\/pypaprint.com\/?post_type=product&#038;p=2675"},"modified":"2025-12-30T09:22:24","modified_gmt":"2025-12-30T09:22:24","slug":"caja-funda-1-compartimentos","status":"publish","type":"product","link":"https:\/\/pypaprint.com\/?product=caja-funda-1-compartimentos","title":{"rendered":"Caja Funda 1 Compartimentos"},"content":{"rendered":"<p><strong>Descripci\u00f3n del Producto:<\/strong><br \/>\nSiempre el combo es mejor, por eso te ofrecemos comprar en conjunto tanto las fajas c\u00f3mo las bandejas. Haz que tus roles lleguen a tus clientes manteniendo el sabor y la composici\u00f3n tradicional japonesa. Ahorra comprando el pack en conjunto con el mejor precio.<\/p>\n<p>&nbsp;<\/p>\n<p><strong>Caracter\u00edsticas Principales:<\/strong><\/p>\n<p><strong>Material de Alta Calidad:\u00a0<\/strong>Se realizan con folding, que es un tipo de cart\u00f3n parecido a una cartulina, cuya manipulaci\u00f3n y plegado es altamente manejable.\u00a0Impresi\u00f3n: 4+0, acabado: laminado interno, troquelado.<\/p>\n<p><strong>Personalizaci\u00f3n Exclusiva:<\/strong>\u00a0Creemos en la importancia de visibilizar tu marca. Te ofrecemos la opci\u00f3n de personalizar las bandejas con tu logotipo, dise\u00f1os especiales o mensajes personalizados. Inicia una conversaci\u00f3n con tu cliente usando este elemento dentro de tu estrategia de marketing.<\/p>\n<p><strong>Variedad de Tama\u00f1os Disponibles:\u00a0<\/strong>Ofrecemos una variedad de tama\u00f1os para adaptarse a los distintos men\u00fas que ofrezca y la modalidad con la que realices tus roles.<\/p>\n","protected":false},"excerpt":{"rendered":"<p>Descripci\u00f3n del Producto: Siempre el combo es mejor, por eso te ofrecemos comprar en conjunto tanto las fajas c\u00f3mo las bandejas. Haz que tus roles lleguen a tus clientes manteniendo el sabor y la composici\u00f3n tradicional japonesa. Ahorra comprando el pack en conjunto con el mejor precio. &nbsp; Caracter\u00edsticas Principales: Material de Alta Calidad:\u00a0Se realizan &#8230; <a title=\"Caja Funda 1 Compartimentos\" class=\"read-more\" href=\"https:\/\/pypaprint.com\/?product=caja-funda-1-compartimentos\" aria-label=\"Leer m\u00e1s sobre Caja Funda 1 Compartimentos\">Leer m\u00e1s<\/a><\/p>\n","protected":false},"featured_media":3204,"comment_status":"open","ping_status":"closed","template":"","meta":{"_acf_changed":false,"_joinchat":[]},"product_brand":[],"product_cat":[18,29],"product_tag":[],"class_list":{"0":"post-2675","1":"product","2":"type-product","3":"status-publish","4":"has-post-thumbnail","6":"product_cat-packaging","7":"product_cat-packaging-sushi","9":"first","10":"instock","11":"taxable","12":"shipping-taxable","13":"purchasable","14":"product-type-variable","15":"has-default-attributes"},"acf":[],"_links":{"self":[{"href":"https:\/\/pypaprint.com\/index.php?rest_route=\/wp\/v2\/product\/2675","targetHints":{"allow":["GET"]}}],"collection":[{"href":"https:\/\/pypaprint.com\/index.php?rest_route=\/wp\/v2\/product"}],"about":[{"href":"https:\/\/pypaprint.com\/index.php?rest_route=\/wp\/v2\/types\/product"}],"replies":[{"embeddable":true,"href":"https:\/\/pypaprint.com\/index.php?rest_route=%2Fwp%2Fv2%2Fcomments&post=2675"}],"wp:featuredmedia":[{"embeddable":true,"href":"https:\/\/pypaprint.com\/index.php?rest_route=\/wp\/v2\/media\/3204"}],"wp:attachment":[{"href":"https:\/\/pypaprint.com\/index.php?rest_route=%2Fwp%2Fv2%2Fmedia&parent=2675"}],"wp:term":[{"taxonomy":"product_brand","embeddable":true,"href":"https:\/\/pypaprint.com\/index.php?rest_route=%2Fwp%2Fv2%2Fproduct_brand&post=2675"},{"taxonomy":"product_cat","embeddable":true,"href":"https:\/\/pypaprint.com\/index.php?rest_route=%2Fwp%2Fv2%2Fproduct_cat&post=2675"},{"taxonomy":"product_tag","embeddable":true,"href":"https:\/\/pypaprint.com\/index.php?rest_route=%2Fwp%2Fv2%2Fproduct_tag&post=2675"}],"curies":[{"name":"wp","href":"https:\/\/api.w.org\/{rel}","templated":true}]}}