{"id":2643,"date":"2025-11-30T17:59:21","date_gmt":"2025-11-30T17:59:21","guid":{"rendered":"https:\/\/pypaprint.com\/?post_type=product&#038;p=2643"},"modified":"2026-01-05T08:15:11","modified_gmt":"2026-01-05T08:15:11","slug":"bandeja-champions-burguer","status":"publish","type":"product","link":"https:\/\/pypaprint.com\/?product=bandeja-champions-burguer","title":{"rendered":"Bandeja Champions Burguer"},"content":{"rendered":"<p>Tu hamburguesa tiene que destacar en el evento de hamburguesas m\u00e1s popular del pa\u00eds. Y<br \/>\ns\u00ed, la caja tambi\u00e9n importa. Aqu\u00ed puedes conseguir un packaging para conseguir<br \/>\ndiferenciarla entre el resto.<br \/>\nLa Bandeja Champions Burguer o la <strong>barqueta abierta para Champions Burguer<\/strong> es<br \/>\nperfecta para servir hamburguesas con una presentaci\u00f3n cuidada y f\u00e1cil de consumir.<br \/>\nA diferencia de las cajas tradicionales cerradas, esta bandeja abierta permite que los<br \/>\nalimentos queden a la vista y accesibles desde cualquier \u00e1ngulo, lo que facilita el consumo<br \/>\nen el punto de venta, en eventos o en pedidos take away y delivery.<\/p>\n<h2>\u00bfPor qu\u00e9 elegir la Bandeja Champions Burger?<\/h2>\n<p><strong>Dise\u00f1o abierto y funcional.<\/strong> Perfecta para comidas r\u00e1pidas, street food y eventos, donde<br \/>\nla practicidad y la visibilidad importan. Facilita el acceso y la presentaci\u00f3n del alimento sin<br \/>\nnecesidad de abrir un envase cerrado.<br \/>\n<strong>Listo para usar.<\/strong> Se entrega pre-armada, sin necesidad de montaje para facilitar tu<br \/>\nalmacenamiento, ideal para eventos food truck en los que el espacio importa mucho.<br \/>\nPerfecto para personalizar. Puedes encargar la bandeja con impresi\u00f3n personalizada<br \/>\n(logotipo, colores corporativos o mensajes), transformando cada pedido en una oportunidad<br \/>\nde diferenciar tu hamburguesa del resto.<br \/>\n\u2b50<strong>Material Folding de alta calidad.<\/strong> Nuestras barquetas Champion Burguer son resistentes<br \/>\na grasas y aceites, manteniendo su forma y firmeza incluso con las hamburguesas m\u00e1s<br \/>\njugosas. Adem\u00e1s, son seguras para el contacto con alimentos.<\/p>\n","protected":false},"excerpt":{"rendered":"<p>Tu hamburguesa tiene que destacar en el evento de hamburguesas m\u00e1s popular del pa\u00eds. Y s\u00ed, la caja tambi\u00e9n importa. Aqu\u00ed puedes conseguir un packaging para conseguir diferenciarla entre el resto. La Bandeja Champions Burguer o la barqueta abierta para Champions Burguer es perfecta para servir hamburguesas con una presentaci\u00f3n cuidada y f\u00e1cil de consumir. &#8230; <a title=\"Bandeja Champions Burguer\" class=\"read-more\" href=\"https:\/\/pypaprint.com\/?product=bandeja-champions-burguer\" aria-label=\"Leer m\u00e1s sobre Bandeja Champions Burguer\">Leer m\u00e1s<\/a><\/p>\n","protected":false},"featured_media":2680,"comment_status":"open","ping_status":"closed","template":"","meta":{"_acf_changed":false,"_joinchat":[]},"product_brand":[],"product_cat":[21,19,18],"product_tag":[],"class_list":{"0":"post-2643","1":"product","2":"type-product","3":"status-publish","4":"has-post-thumbnail","6":"product_cat-food-truck","7":"product_cat-cajas-para-hamburguesas","8":"product_cat-packaging","10":"first","11":"instock","12":"taxable","13":"shipping-taxable","14":"purchasable","15":"product-type-variable","16":"has-default-attributes"},"acf":[],"_links":{"self":[{"href":"https:\/\/pypaprint.com\/index.php?rest_route=\/wp\/v2\/product\/2643","targetHints":{"allow":["GET"]}}],"collection":[{"href":"https:\/\/pypaprint.com\/index.php?rest_route=\/wp\/v2\/product"}],"about":[{"href":"https:\/\/pypaprint.com\/index.php?rest_route=\/wp\/v2\/types\/product"}],"replies":[{"embeddable":true,"href":"https:\/\/pypaprint.com\/index.php?rest_route=%2Fwp%2Fv2%2Fcomments&post=2643"}],"wp:featuredmedia":[{"embeddable":true,"href":"https:\/\/pypaprint.com\/index.php?rest_route=\/wp\/v2\/media\/2680"}],"wp:attachment":[{"href":"https:\/\/pypaprint.com\/index.php?rest_route=%2Fwp%2Fv2%2Fmedia&parent=2643"}],"wp:term":[{"taxonomy":"product_brand","embeddable":true,"href":"https:\/\/pypaprint.com\/index.php?rest_route=%2Fwp%2Fv2%2Fproduct_brand&post=2643"},{"taxonomy":"product_cat","embeddable":true,"href":"https:\/\/pypaprint.com\/index.php?rest_route=%2Fwp%2Fv2%2Fproduct_cat&post=2643"},{"taxonomy":"product_tag","embeddable":true,"href":"https:\/\/pypaprint.com\/index.php?rest_route=%2Fwp%2Fv2%2Fproduct_tag&post=2643"}],"curies":[{"name":"wp","href":"https:\/\/api.w.org\/{rel}","templated":true}]}}