{"id":149,"date":"2025-10-18T00:23:40","date_gmt":"2025-10-18T00:23:40","guid":{"rendered":"https:\/\/pypaprint.com\/?post_type=product&#038;p=149"},"modified":"2025-10-27T08:58:17","modified_gmt":"2025-10-27T08:58:17","slug":"carpetas-personalizadas","status":"publish","type":"product","link":"https:\/\/pypaprint.com\/carpetas-personalizadas\/","title":{"rendered":"Carpetas"},"content":{"rendered":"<p><strong>Descripci\u00f3n del Producto:<\/strong><\/p>\n<p>Aliados de la organizaci\u00f3n de toda oficina, las carpetas son un elemento esencial en la administraci\u00f3n y gesti\u00f3n de documentos. Personalizadas o gen\u00e9ricas son ideales para archivar los documentos m\u00e1s importantes. Tambi\u00e9n puedes usarlas para dar a conocer tu marca en eventos como congresos y ferias. Hechas con cartulina gr\u00e1fica de 375 g, con acabados laminados mate o brillante, nuestras carpetas pueden tener el dise\u00f1o que necesites (con bolsillo o sin \u00e9l, con lomo o sin \u00e9l).<\/p>\n<p>&nbsp;<\/p>\n<p><strong>Caracter\u00edsticas Principales:<\/strong><\/p>\n<p><strong>Cartulina de Alta Calidad:\u00a0<\/strong>Se realizan con cartulina gr\u00e1fica cuya manipulaci\u00f3n y plegado es altamente manejable.<br \/>\n<strong>Personalizaci\u00f3n Exclusiva:<\/strong>\u00a0Creemos en la importancia de visibilizar tu marca. Te ofrecemos la opci\u00f3n de personalizar tus carpetas con tu logotipo, dise\u00f1os especiales o mensajes personalizados.<br \/>\n<strong>Variedad de Opciones:\u00a0<\/strong>Ofrecemos carpetas con y sin lomo, con y sin bolsillo.<\/p>\n","protected":false},"excerpt":{"rendered":"<p>Descripci\u00f3n del Producto: Aliados de la organizaci\u00f3n de toda oficina, las carpetas son un elemento esencial en la administraci\u00f3n y gesti\u00f3n de documentos. Personalizadas o gen\u00e9ricas son ideales para archivar los documentos m\u00e1s importantes. Tambi\u00e9n puedes usarlas para dar a conocer tu marca en eventos como congresos y ferias. Hechas con cartulina gr\u00e1fica de 375 &#8230; <a title=\"Carpetas\" class=\"read-more\" href=\"https:\/\/pypaprint.com\/carpetas-personalizadas\/\" aria-label=\"Leer m\u00e1s sobre Carpetas\">Leer m\u00e1s<\/a><\/p>\n","protected":false},"featured_media":238,"comment_status":"open","ping_status":"closed","template":"","meta":{"_acf_changed":false,"_joinchat":[]},"product_brand":[],"product_cat":[48,43],"product_tag":[],"class_list":{"0":"post-149","1":"product","2":"type-product","3":"status-publish","4":"has-post-thumbnail","6":"product_cat-carpetas","7":"product_cat-material-de-oficina","9":"first","10":"instock","11":"taxable","12":"shipping-taxable","13":"purchasable","14":"product-type-variable"},"acf":[],"_links":{"self":[{"href":"https:\/\/pypaprint.com\/wp-json\/wp\/v2\/product\/149","targetHints":{"allow":["GET"]}}],"collection":[{"href":"https:\/\/pypaprint.com\/wp-json\/wp\/v2\/product"}],"about":[{"href":"https:\/\/pypaprint.com\/wp-json\/wp\/v2\/types\/product"}],"replies":[{"embeddable":true,"href":"https:\/\/pypaprint.com\/wp-json\/wp\/v2\/comments?post=149"}],"wp:featuredmedia":[{"embeddable":true,"href":"https:\/\/pypaprint.com\/wp-json\/wp\/v2\/media\/238"}],"wp:attachment":[{"href":"https:\/\/pypaprint.com\/wp-json\/wp\/v2\/media?parent=149"}],"wp:term":[{"taxonomy":"product_brand","embeddable":true,"href":"https:\/\/pypaprint.com\/wp-json\/wp\/v2\/product_brand?post=149"},{"taxonomy":"product_cat","embeddable":true,"href":"https:\/\/pypaprint.com\/wp-json\/wp\/v2\/product_cat?post=149"},{"taxonomy":"product_tag","embeddable":true,"href":"https:\/\/pypaprint.com\/wp-json\/wp\/v2\/product_tag?post=149"}],"curies":[{"name":"wp","href":"https:\/\/api.w.org\/{rel}","templated":true}]}}