{"id":148,"date":"2025-10-18T00:23:23","date_gmt":"2025-10-18T00:23:23","guid":{"rendered":"https:\/\/pypaprint.com\/?post_type=product&#038;p=148"},"modified":"2025-11-15T10:00:09","modified_gmt":"2025-11-15T10:00:09","slug":"sobres","status":"publish","type":"product","link":"https:\/\/pypaprint.com\/sobres\/","title":{"rendered":"Sobres"},"content":{"rendered":"<p><strong>Descripci\u00f3n del producto:<\/strong><\/p>\n<p>Si tu empresa utiliza como mecanismo de comunicaci\u00f3n el env\u00edo de cartas o cat\u00e1logos, te recomendamos personalizar tus sobres. Con dise\u00f1os aplicados a resaltar la identidad de tu marca, nuestros sobres impresos en papel offset son ideales para potenciar el reconocimiento de tu empresa, plasmando tanto el logo como mensajes personalizados.<\/p>\n<p><strong>Caracter\u00edsticas Principales:<\/strong><\/p>\n<p><strong>Papel de Alta Calidad:<\/strong>\u00a0Se realizan con papel offset de 90 g.<br \/>\n<strong>Personalizaci\u00f3n Exclusiva:<\/strong>\u00a0Creemos en la importancia de visibilizar tu marca. Te ofrecemos la opci\u00f3n de personalizar tus carpetas con tu logotipo, dise\u00f1os especiales o mensajes personalizados.<br \/>\n<strong>Variedad de Opciones:\u00a0<\/strong>Puedes elegir entre sobres con ventanas o sin ventana.<\/p>\n","protected":false},"excerpt":{"rendered":"<p>Descripci\u00f3n del producto: Si tu empresa utiliza como mecanismo de comunicaci\u00f3n el env\u00edo de cartas o cat\u00e1logos, te recomendamos personalizar tus sobres. Con dise\u00f1os aplicados a resaltar la identidad de tu marca, nuestros sobres impresos en papel offset son ideales para potenciar el reconocimiento de tu empresa, plasmando tanto el logo como mensajes personalizados. Caracter\u00edsticas &#8230; <a title=\"Sobres\" class=\"read-more\" href=\"https:\/\/pypaprint.com\/sobres\/\" aria-label=\"Leer m\u00e1s sobre Sobres\">Leer m\u00e1s<\/a><\/p>\n","protected":false},"featured_media":343,"comment_status":"open","ping_status":"closed","template":"","meta":{"_acf_changed":false,"_joinchat":[]},"product_brand":[],"product_cat":[47,43],"product_tag":[],"class_list":{"0":"post-148","1":"product","2":"type-product","3":"status-publish","4":"has-post-thumbnail","6":"product_cat-sobres","7":"product_cat-material-de-oficina","9":"first","10":"instock","11":"taxable","12":"shipping-taxable","13":"purchasable","14":"product-type-variable"},"acf":[],"_links":{"self":[{"href":"https:\/\/pypaprint.com\/wp-json\/wp\/v2\/product\/148","targetHints":{"allow":["GET"]}}],"collection":[{"href":"https:\/\/pypaprint.com\/wp-json\/wp\/v2\/product"}],"about":[{"href":"https:\/\/pypaprint.com\/wp-json\/wp\/v2\/types\/product"}],"replies":[{"embeddable":true,"href":"https:\/\/pypaprint.com\/wp-json\/wp\/v2\/comments?post=148"}],"wp:featuredmedia":[{"embeddable":true,"href":"https:\/\/pypaprint.com\/wp-json\/wp\/v2\/media\/343"}],"wp:attachment":[{"href":"https:\/\/pypaprint.com\/wp-json\/wp\/v2\/media?parent=148"}],"wp:term":[{"taxonomy":"product_brand","embeddable":true,"href":"https:\/\/pypaprint.com\/wp-json\/wp\/v2\/product_brand?post=148"},{"taxonomy":"product_cat","embeddable":true,"href":"https:\/\/pypaprint.com\/wp-json\/wp\/v2\/product_cat?post=148"},{"taxonomy":"product_tag","embeddable":true,"href":"https:\/\/pypaprint.com\/wp-json\/wp\/v2\/product_tag?post=148"}],"curies":[{"name":"wp","href":"https:\/\/api.w.org\/{rel}","templated":true}]}}