{"id":147,"date":"2025-10-18T00:23:05","date_gmt":"2025-10-18T00:23:05","guid":{"rendered":"https:\/\/pypaprint.com\/?post_type=product&#038;p=147"},"modified":"2025-11-15T10:00:42","modified_gmt":"2025-11-15T10:00:42","slug":"sello-fidelidad","status":"publish","type":"product","link":"https:\/\/pypaprint.com\/sello-fidelidad\/","title":{"rendered":"Sello Fidelidad"},"content":{"rendered":"<div class=\"col-md-6 product-info\">\n<div class=\"product-description\">\n<div class=\"fullDescriptionArea\">\n<p><strong>Descripci\u00f3n del Producto:<\/strong><\/p>\n<p>Ahorra tiempo simplificando el proceso de firma con nuestros sellos de fidelidad. Refuerza la identidad de tu marca con la impresi\u00f3n consistente y legible de tu sello. A\u00f1ade profesionalidad a tus documentos administrativos con el sello de tu empresa, hecho con la informaci\u00f3n que requieras nuestros sellos te brindan lo que necesitas.<\/p>\n<p><strong>Caracter\u00edsticas Principales:<\/strong><\/p>\n<p><strong>Personalizaci\u00f3n:<\/strong>\u00a0El sello permite la inclusi\u00f3n de tu nombre, logo o firma seg\u00fan tus preferencias. La personalizaci\u00f3n se realiza con precisi\u00f3n y atenci\u00f3n al detalle para reflejar fielmente tu identidad.<\/p>\n<p><strong>Calidad de impresi\u00f3n:\u00a0<\/strong>El sello garantiza una impresi\u00f3n n\u00edtida y duradera en una variedad de superficies, desde papel est\u00e1ndar hasta materiales m\u00e1s gruesos como cart\u00f3n o tela.<\/p>\n<p><strong>Versatilidad:<\/strong>\u00a0Ya sea para marcar documentos importantes, tarjetas de visita, correspondencia o paquetes, el sello\u00a0 se adapta a una amplia gama de aplicaciones comerciales y personales.<\/p>\n<p><strong>Durabilidad:<\/strong>\u00a0Construido con materiales de alta calidad, el sello est\u00e1 dise\u00f1ado para resistir el paso del tiempo y mantener su rendimiento \u00f3ptimo incluso despu\u00e9s de un uso repetido.<\/p>\n<\/div>\n<\/div>\n<\/div>\n<div class=\"col-md-6 product-form\">\n<p>Especificaciones T\u00e9cnicas<\/p>\n<div id=\"pricingArea\">\n<div id=\"pricingEngineArea\">\n<div id=\"pricingEngine_calcParmInputs\" class=\"calc-parm-inputs pbInputs priceBreaks\">\n<table id=\"pricingEngine_tblPricing\" class=\"pricingGridTable table\" border=\"0\">\n<thead>\n<tr class=\"pricingTableHeader\">\n<th class=\"pricingEngineQuantityLabel\">Cantidad<\/th>\n<th class=\"pricingEnginePriceLabel\">Precio<\/th>\n<\/tr>\n<\/thead>\n<tbody>\n<tr class=\"pricingTableRow\">\n<td>1 o m\u00e1s<\/td>\n<td>28,00 \u20ac unidad<\/td>\n<\/tr>\n<\/tbody>\n<\/table>\n<\/div>\n<\/div>\n<\/div>\n<\/div>\n","protected":false},"excerpt":{"rendered":"<p>Descripci\u00f3n del Producto: Ahorra tiempo simplificando el proceso de firma con nuestros sellos de fidelidad. Refuerza la identidad de tu marca con la impresi\u00f3n consistente y legible de tu sello. A\u00f1ade profesionalidad a tus documentos administrativos con el sello de tu empresa, hecho con la informaci\u00f3n que requieras nuestros sellos te brindan lo que necesitas. &#8230; <a title=\"Sello Fidelidad\" class=\"read-more\" href=\"https:\/\/pypaprint.com\/sello-fidelidad\/\" aria-label=\"Leer m\u00e1s sobre Sello Fidelidad\">Leer m\u00e1s<\/a><\/p>\n","protected":false},"featured_media":236,"comment_status":"open","ping_status":"closed","template":"","meta":{"_acf_changed":false,"_joinchat":[]},"product_brand":[],"product_cat":[46,43],"product_tag":[],"class_list":{"0":"post-147","1":"product","2":"type-product","3":"status-publish","4":"has-post-thumbnail","6":"product_cat-sello-fidelidad","7":"product_cat-material-de-oficina","9":"first","10":"instock","11":"taxable","12":"shipping-taxable","13":"product-type-simple"},"acf":[],"_links":{"self":[{"href":"https:\/\/pypaprint.com\/wp-json\/wp\/v2\/product\/147","targetHints":{"allow":["GET"]}}],"collection":[{"href":"https:\/\/pypaprint.com\/wp-json\/wp\/v2\/product"}],"about":[{"href":"https:\/\/pypaprint.com\/wp-json\/wp\/v2\/types\/product"}],"replies":[{"embeddable":true,"href":"https:\/\/pypaprint.com\/wp-json\/wp\/v2\/comments?post=147"}],"wp:featuredmedia":[{"embeddable":true,"href":"https:\/\/pypaprint.com\/wp-json\/wp\/v2\/media\/236"}],"wp:attachment":[{"href":"https:\/\/pypaprint.com\/wp-json\/wp\/v2\/media?parent=147"}],"wp:term":[{"taxonomy":"product_brand","embeddable":true,"href":"https:\/\/pypaprint.com\/wp-json\/wp\/v2\/product_brand?post=147"},{"taxonomy":"product_cat","embeddable":true,"href":"https:\/\/pypaprint.com\/wp-json\/wp\/v2\/product_cat?post=147"},{"taxonomy":"product_tag","embeddable":true,"href":"https:\/\/pypaprint.com\/wp-json\/wp\/v2\/product_tag?post=147"}],"curies":[{"name":"wp","href":"https:\/\/api.w.org\/{rel}","templated":true}]}}