{"id":140,"date":"2025-10-18T00:19:11","date_gmt":"2025-10-18T00:19:11","guid":{"rendered":"https:\/\/pypaprint.com\/?post_type=product&#038;p=140"},"modified":"2025-11-05T09:35:40","modified_gmt":"2025-11-05T09:35:40","slug":"tarjeta-rasca-y-gana","status":"publish","type":"product","link":"https:\/\/pypaprint.com\/?product=tarjeta-rasca-y-gana","title":{"rendered":"Tarjeta Rasca y Gana"},"content":{"rendered":"<p dir=\"ltr\">Sorprende a tu clientela con premios y ofertas. Las tarjetas de rasca y gana son la forma perfecta de atraer la atenci\u00f3n de tus clientes hacia tus nuevos productos y promociones. Echa un vistazo a nuestras tarjetas completamente personalizables.<\/p>\n<p><strong>Descubre la Emoci\u00f3n con Nuestras Tarjetas Promocionales Rasca y Gana<\/strong><\/p>\n<p>&nbsp;<\/p>\n<p>Sorprende a tu clientela con premios y ofertas. Las tarjetas de rasca y gana son la forma perfecta de atraer la atenci\u00f3n de tus clientes hacia tus nuevos productos y promociones. Echa un vistazo a nuestras tarjetas completamente personalizables.<\/p>\n<p><strong>Caracter\u00edsticas Destacadas:<\/strong><\/p>\n<ol>\n<li><strong>Personalizaci\u00f3n Exclusiva:<\/strong> Crea tarjetas rasca y gana \u00fanicas para tu marca. Desde el dise\u00f1o hasta los premios, todo es personalizable para reflejar la identidad de tu empresa.<\/li>\n<li><strong>Engagement del Cliente:<\/strong> Convierte a los espectadores en participantes activos. La experiencia de raspar y descubrir agrega un elemento interactivo que atrae la atenci\u00f3n y aumenta la retenci\u00f3n del mensaje promocional.<\/li>\n<li><strong>Versatilidad en Promociones:<\/strong> Ideal para lanzamientos de productos, descuentos especiales o eventos promocionales. Las tarjetas rasca y gana son una herramienta vers\u00e1til que se adapta a una variedad de estrategias de marketing.<\/li>\n<li><strong>Impresi\u00f3n de Alta Calidad:<\/strong> Garantizamos una impresi\u00f3n n\u00edtida y vibrante que resalta la calidad de tus ofertas y premios. Cada tarjeta es una representaci\u00f3n visual impactante de tu marca.<\/li>\n<\/ol>\n<p><strong>C\u00f3mo Funciona:<\/strong><\/p>\n<ol>\n<li>El cliente rasca el \u00e1rea designada.<\/li>\n<li>Descubre premios, descuentos exclusivos o mensajes promocionales.<\/li>\n<li>Experimenta la emoci\u00f3n y comparte la experiencia, generando boca a boca positivo.<\/li>\n<\/ol>\n<p>Con nuestras Tarjetas Promocionales Rasca y Gana, no solo est\u00e1s promocionando, est\u00e1s creando una experiencia memorable para tus clientes. Impulsa la participaci\u00f3n, fomenta la lealtad y eleva el reconocimiento de marca.<\/p>\n<p>\u00a1Contacta con nosotros para personalizar tus tarjetas rasca y gana hoy mismo! Descubre c\u00f3mo hacer que tus promociones destaquen de manera \u00fanica y emocionante.<\/p>\n<p><strong>\u00a0<\/strong><\/p>\n","protected":false},"excerpt":{"rendered":"<p>Sorprende a tu clientela con premios y ofertas. Las tarjetas de rasca y gana son la forma perfecta de atraer la atenci\u00f3n de tus clientes hacia tus nuevos productos y promociones. Echa un vistazo a nuestras tarjetas completamente personalizables. Descubre la Emoci\u00f3n con Nuestras Tarjetas Promocionales Rasca y Gana &nbsp; Sorprende a tu clientela con &#8230; <a title=\"Tarjeta Rasca y Gana\" class=\"read-more\" href=\"https:\/\/pypaprint.com\/?product=tarjeta-rasca-y-gana\" aria-label=\"Leer m\u00e1s sobre Tarjeta Rasca y Gana\">Leer m\u00e1s<\/a><\/p>\n","protected":false},"featured_media":278,"comment_status":"open","ping_status":"closed","template":"","meta":{"_acf_changed":false,"_joinchat":[]},"product_brand":[],"product_cat":[43,44],"product_tag":[],"class_list":{"0":"post-140","1":"product","2":"type-product","3":"status-publish","4":"has-post-thumbnail","6":"product_cat-material-de-oficina","7":"product_cat-tarjetas-de-visita","9":"first","10":"instock","11":"taxable","12":"shipping-taxable","13":"purchasable","14":"product-type-variable","15":"has-default-attributes"},"acf":[],"_links":{"self":[{"href":"https:\/\/pypaprint.com\/index.php?rest_route=\/wp\/v2\/product\/140","targetHints":{"allow":["GET"]}}],"collection":[{"href":"https:\/\/pypaprint.com\/index.php?rest_route=\/wp\/v2\/product"}],"about":[{"href":"https:\/\/pypaprint.com\/index.php?rest_route=\/wp\/v2\/types\/product"}],"replies":[{"embeddable":true,"href":"https:\/\/pypaprint.com\/index.php?rest_route=%2Fwp%2Fv2%2Fcomments&post=140"}],"wp:featuredmedia":[{"embeddable":true,"href":"https:\/\/pypaprint.com\/index.php?rest_route=\/wp\/v2\/media\/278"}],"wp:attachment":[{"href":"https:\/\/pypaprint.com\/index.php?rest_route=%2Fwp%2Fv2%2Fmedia&parent=140"}],"wp:term":[{"taxonomy":"product_brand","embeddable":true,"href":"https:\/\/pypaprint.com\/index.php?rest_route=%2Fwp%2Fv2%2Fproduct_brand&post=140"},{"taxonomy":"product_cat","embeddable":true,"href":"https:\/\/pypaprint.com\/index.php?rest_route=%2Fwp%2Fv2%2Fproduct_cat&post=140"},{"taxonomy":"product_tag","embeddable":true,"href":"https:\/\/pypaprint.com\/index.php?rest_route=%2Fwp%2Fv2%2Fproduct_tag&post=140"}],"curies":[{"name":"wp","href":"https:\/\/api.w.org\/{rel}","templated":true}]}}