{"id":139,"date":"2025-10-18T00:18:24","date_gmt":"2025-10-18T00:18:24","guid":{"rendered":"https:\/\/pypaprint.com\/?post_type=product&#038;p=139"},"modified":"2025-11-05T09:34:27","modified_gmt":"2025-11-05T09:34:27","slug":"tarjetas-dobles","status":"publish","type":"product","link":"https:\/\/pypaprint.com\/?product=tarjetas-dobles","title":{"rendered":"Tarjetas Dobles"},"content":{"rendered":"<h1 style=\"font-weight: 500;\">Tarjetas plegables de visita<\/h1>\n<p>Si las tarjetas de visita convencionales no son suficientes para transmitir tu mensaje, Pypa Print est\u00e1 aqu\u00ed para brindarte una soluci\u00f3n. \u00c9chales un vistazo a nuestras innovadoras tarjetas de visita plegables, hechas para darles el doble de espacio a tus ideas. Dise\u00f1a tus tarjetas dobles de manera que no dejes ning\u00fan detalle fuera al compartir tus datos de contacto con clientes o conocidos en eventos o en tu negocio.<\/p>\n<p>Las tarjetas dobles te dan la oportunidad de duplicar la cantidad de espacio personalizable y podr\u00e1s encontrarlas en una gran variedad de tipos de papel.<\/p>\n<h2 style=\"font-weight: 500;\">Tarjetas dobles en formato est\u00e1ndar<\/h2>\n<p>Si buscas una tarjeta de visita original, pero que a la vez tenga las medidas est\u00e1ndar, las Tarjetas dobles son lo que est\u00e1s buscando.<\/p>\n<p>Nuestras Tarjetas dobles tienen un tama\u00f1o est\u00e1ndar de 16 \u00d7 5,5 cm, el tama\u00f1o habitual que tienen la mayor\u00eda de las tarjetas de visita. La orientaci\u00f3n para las Tarjetas dobles es horizontal y te ofrecemos la opci\u00f3n de imprimir tu dise\u00f1o solo en el anverso o en el anverso y el reverso. Estos podr\u00e1n ser iguales o diferentes.<\/p>\n<p>Si quieres llamar la atenci\u00f3n con tus tarjetas de visita con algo original, pero sin que se salga demasiado de los tama\u00f1os convencionales, nuestras Tarjetas dobles son tu opci\u00f3n.<\/p>\n<p>\u00a1No te lo pienses m\u00e1s y pide ya tus Tarjetas dobles!<\/p>\n<h2 style=\"font-weight: 500;\">Materiales para tus tarjetas de visita plegadas<\/h2>\n<p>Disponemos de\u00a0numerosos materiales\u00a0para tus\u00a0tarjetas plegables.<\/p>\n<ul>\n<li aria-level=\"1\">Papel plastificado mate (350 g)\u00a0\u2013 Las tarjetas dobles hechas con este papel cuentan con un punto de blanco elevado y superficie satinada. Es muy resistente y ofrece una reproducci\u00f3n de im\u00e1genes de alta calidad.<\/li>\n<\/ul>\n<h2 style=\"font-weight: 500;\">En solo un instante, tendr\u00e1s listas tus tarjetas dobles<\/h2>\n<p>Si deseas recibir r\u00e1pidamente tus\u00a0tarjetas plegables personalizadas, solo tienes que configurarlas en nuestro sitio web, solicitar\u00a0presupuesto gratuito, aceptarlo y, siguiendo las instrucciones y utilizando la\u00a0plantilla\u00a0que te proporcionamos, cargar tu archivo de impresi\u00f3n. Para que no haya problemas con la entrega, colaboramos con las\u00a0mejores empresas de mensajer\u00eda, as\u00ed que recibir\u00e1s tus tarjetas de visita dobles exactamente en la fecha y direcci\u00f3n indicadas. Nuestro\u00a0Servicio de Atenci\u00f3n al Cliente\u00a0est\u00e1 siempre disponible para atenderte si te surge cualquier duda con respecto a tus tarjetas plegadas.<\/p>\n<p>\u00a1No te lo pienses m\u00e1s y pide ya tus Tarjetas plegables<\/p>\n<p>Para una presentaci\u00f3n memorable, te ofrecemos el nuevo formato plegable, una tarjeta que te da la posibilidad de personalizar el doble de superficie: disponibles en diferentes tipos de papel y con posibilidad de a\u00f1adir acabados exclusivos.<\/p>\n","protected":false},"excerpt":{"rendered":"<p>Tarjetas plegables de visita Si las tarjetas de visita convencionales no son suficientes para transmitir tu mensaje, Pypa Print est\u00e1 aqu\u00ed para brindarte una soluci\u00f3n. \u00c9chales un vistazo a nuestras innovadoras tarjetas de visita plegables, hechas para darles el doble de espacio a tus ideas. Dise\u00f1a tus tarjetas dobles de manera que no dejes ning\u00fan &#8230; <a title=\"Tarjetas Dobles\" class=\"read-more\" href=\"https:\/\/pypaprint.com\/?product=tarjetas-dobles\" aria-label=\"Leer m\u00e1s sobre Tarjetas Dobles\">Leer m\u00e1s<\/a><\/p>\n","protected":false},"featured_media":373,"comment_status":"open","ping_status":"closed","template":"","meta":{"_acf_changed":false,"_joinchat":[]},"product_brand":[],"product_cat":[43,44],"product_tag":[],"class_list":{"0":"post-139","1":"product","2":"type-product","3":"status-publish","4":"has-post-thumbnail","6":"product_cat-material-de-oficina","7":"product_cat-tarjetas-de-visita","9":"first","10":"instock","11":"taxable","12":"shipping-taxable","13":"purchasable","14":"product-type-variable","15":"has-default-attributes"},"acf":[],"_links":{"self":[{"href":"https:\/\/pypaprint.com\/index.php?rest_route=\/wp\/v2\/product\/139","targetHints":{"allow":["GET"]}}],"collection":[{"href":"https:\/\/pypaprint.com\/index.php?rest_route=\/wp\/v2\/product"}],"about":[{"href":"https:\/\/pypaprint.com\/index.php?rest_route=\/wp\/v2\/types\/product"}],"replies":[{"embeddable":true,"href":"https:\/\/pypaprint.com\/index.php?rest_route=%2Fwp%2Fv2%2Fcomments&post=139"}],"wp:featuredmedia":[{"embeddable":true,"href":"https:\/\/pypaprint.com\/index.php?rest_route=\/wp\/v2\/media\/373"}],"wp:attachment":[{"href":"https:\/\/pypaprint.com\/index.php?rest_route=%2Fwp%2Fv2%2Fmedia&parent=139"}],"wp:term":[{"taxonomy":"product_brand","embeddable":true,"href":"https:\/\/pypaprint.com\/index.php?rest_route=%2Fwp%2Fv2%2Fproduct_brand&post=139"},{"taxonomy":"product_cat","embeddable":true,"href":"https:\/\/pypaprint.com\/index.php?rest_route=%2Fwp%2Fv2%2Fproduct_cat&post=139"},{"taxonomy":"product_tag","embeddable":true,"href":"https:\/\/pypaprint.com\/index.php?rest_route=%2Fwp%2Fv2%2Fproduct_tag&post=139"}],"curies":[{"name":"wp","href":"https:\/\/api.w.org\/{rel}","templated":true}]}}