{"id":137,"date":"2025-10-18T00:17:51","date_gmt":"2025-10-18T00:17:51","guid":{"rendered":"https:\/\/pypaprint.com\/?post_type=product&#038;p=137"},"modified":"2025-11-05T09:25:43","modified_gmt":"2025-11-05T09:25:43","slug":"tarjeta-85-x-55-cm","status":"publish","type":"product","link":"https:\/\/pypaprint.com\/?product=tarjeta-85-x-55-cm","title":{"rendered":"Tarjeta 8,5 x 5,5 cm"},"content":{"rendered":"<h1 style=\"font-weight: 500;\">Tarjetas de visita<\/h1>\n<h2 style=\"font-weight: 500;\">Marca la diferencia\u00a0al imprimir\u00a0Tarjetas de visita profesionales y \u00fanicas<\/h2>\n<p>&nbsp;<\/p>\n<p>&nbsp;<\/p>\n<p>Si buscas algo sencillo pero elegante, nuestras tarjetas de presentaci\u00f3n son tu mejor opci\u00f3n. Descubre la calidad de nuestras impresiones y todas las posibilidades que tenemos para ofrecerte con nuestras tarjetas 100% personalizables. Ahorra tiempo y dinero sin descuidar en ning\u00fan momento la imagen que das a tus clientes.<\/p>\n<p>Una\u00a0tarjeta de visita\u00a0es una oportunidad para darte a conocer profesionalmente. Para conseguir que tu\u00a0tarjeta de empresa\u00a0sea \u00fanica debes seleccionar la configuraci\u00f3n de producto que mejor se adapte a tu compa\u00f1\u00eda, negocio o actividad.<\/p>\n<p>Los elementos que marcar\u00e1n la diferencia de tu\u00a0tarjeta de visita\u00a0se encuentran en la posibilidad de seleccionar acabados plastificados, distintos tipos de papeles y gramajes.<\/p>\n<p>A la hora de imprimir tarjetas de visita, tienes total libertad para elegir:<\/p>\n<ul>\n<li aria-level=\"1\">Tama\u00f1o y gramaje del papel<\/li>\n<li aria-level=\"1\">N\u00famero de copias (desde 100 a 100 000)<\/li>\n<li aria-level=\"1\">Env\u00edo gratuito a partir de 24 horas<\/li>\n<li aria-level=\"1\">Precios competitivos en funci\u00f3n de la fecha de entrega<\/li>\n<\/ul>\n<h2 style=\"font-weight: 500;\">\u00bfQu\u00e9 papel y gramaje elegir para\u00a0imprimir\u00a0Tarjetas de visita?<\/h2>\n<p>Conf\u00eda a Pixartprinting la impresi\u00f3n de tus\u00a0Tarjetas de visita online. Decide t\u00fa las dimensiones y el gramaje del papel. Para imprimir Tarjetas de visita est\u00e1ndar se recomienda particularmente un gramaje de 350 g y para las tarjetas Premium de 400 g.<\/p>\n<p>Decide t\u00fa las dimensiones, el tipo de papel y el gramaje. Las posibilidades de personalizaci\u00f3n son infinitas tambi\u00e9n en una tarjeta de visita est\u00e1ndar, el \u00fanico l\u00edmite es tu creatividad, del resto nos ocupamos nosotros.<\/p>\n<p>Personaliza tu dise\u00f1o eligiendo con atenci\u00f3n el papel. Con Pixartprinting la gama de tarjetas de visita baratas y de calidad es verdaderamente amplia y abarca papel blanco estucado mate o brillante y diversas propuestas de lujo: grueso, color marfil, nacarado, extrablanco, verjurado, reciclado, con efecto \u00abpiel de naranja\u00bb, gofrado y amarillo marfil con fibras. Para obtener la garant\u00eda de una mayor duraci\u00f3n, puedes solicitar\u00a0Tarjetas de empresa\u00a0con papel plastificado\u00a0brillante,\u00a0mate\u00a0o\u00a0Soft Touch, tanto solo en el anverso como en el anverso y el reverso, y, tambi\u00e9n, con\u00a0plastificado\u00a0antibacteriano\u00a0en anverso y reverso.<\/p>\n<p>El servicio que ofrece Pixartprinting prev\u00e9 tambi\u00e9n el control b\u00e1sico de tu archivo de impresi\u00f3n completamente gratuito y asistencia puntual preventa y posventa. S\u00ed, lo has entendido bien, \u00a1el control b\u00e1sico del archivo de impresi\u00f3n de tus\u00a0Tarjetas de visita es gratis!<\/p>\n<h2 style=\"font-weight: 500;\">\u00bfQu\u00e9 formato elegir para\u00a0imprimir Tarjetas de visita?<\/h2>\n<p>Tienes a tu disposici\u00f3n las siguientes opciones para imprimir Tarjetas de visita:<\/p>\n<ul>\n<li>4 formatos diversos: 8,5 \u00d7 5,5 cm, 9 \u00d7 5 cm, 8,5 \u00d7 5 cm<\/li>\n<li>Orientaci\u00f3n: horizontal o vertical<\/li>\n<li>Tipos de tarjetas de visita: est\u00e1ndar, premium o plastificada<\/li>\n<\/ul>\n<p>En lo que se refiere a las\u00a0Tarjetas de visita\u00a0con papel\u00a0est\u00e1ndar, podr\u00e1s elegir entre 2 tipos de papeles diversos y 5 gramajes diferentes. Entre las\u00a0Tarjetas de visita\u00a0con papel premium, Pixartprinting ofrece 9 tipos de papeles con un \u00fanico gramaje concreto para cada tipo de papel.<\/p>\n<p>Finalmente, entre las\u00a0plastificadas\u00a0podr\u00e1s decidir cu\u00e1l de los 7 tipos de papeles de 350 g es m\u00e1s adecuado para tu tarjeta de empresa o personal.<\/p>\n<p>La tarjeta de visita est\u00e1ndar con orientaci\u00f3n horizontal de 8,5 \u00d7 5,5 cm es la m\u00e1s utilizada por nuestros clientes. Responde con sencillez a tus necesidades con un precio \u00fanico y realmente competitivo.<\/p>\n<p>Recuerda: si no est\u00e1s seguro del papel, pide nuestro muestrario para tocar con tus propias manos toda nuestra selecci\u00f3n y decidir qu\u00e9 opci\u00f3n es m\u00e1s adecuada para imprimir Tarjetas de visita baratas y de m\u00e1xima calidad.<\/p>\n<p>Imprimir tarjetas personales con nosotros es garant\u00eda de calidad, buen hacer y \u00e9xito de comunicaci\u00f3n. Crea tu tarjeta de presentaci\u00f3n con Pixartprinting y su gran selecci\u00f3n de formatos y papeles. Si deseas una herramienta de comunicaci\u00f3n e informativa totalmente personalizada, has dado en el sitio web justo para conseguirla. Somos la imprenta online perfecta para imprimir Tarjetas de visita realmente originales, diferentes, especiales y, sobre todo, \u00a1completamente a tu gusto!<\/p>\n<h2 style=\"font-weight: 500;\">Amplia selecci\u00f3n de papeles para imprimir Tarjetas de visita<\/h2>\n<p>En Pixartprinting ponemos a tu disposici\u00f3n una amplia gama de papeles,\u00a018 en total, para imprimir Tarjetas de visita a la medida de tus necesidades.<\/p>\n<p>Papeles est\u00e1ndar<\/p>\n<ul>\n<li aria-level=\"1\">Classic Demimatt:\u00a0papel estucado mate blanco que presenta una gran durabilidad y resalta la nitidez y los detalles.<\/li>\n<li aria-level=\"1\">Classic Gloss:\u00a0papel estucado brillante blanco para im\u00e1genes bien definidas y colores vivos.<\/li>\n<\/ul>\n<p>Papeles premium<\/p>\n<ul>\n<li aria-level=\"1\">Grueso:\u00a0cart\u00f3n SBS de 400 g estucado para una excelente impresi\u00f3n y resistencia.<\/li>\n<li aria-level=\"1\">Mohawk superfine:\u00a0papel color marfil marcado al fieltro, sofisticado y natural al tacto.<\/li>\n<li aria-level=\"1\">Nacarado:\u00a0cart\u00f3n de celulosa pura con superficie satinada y nacarada de color Ice White, resulta especialmente elegante.<\/li>\n<li aria-level=\"1\">Extraprint:\u00a0papel natural de calidad superior con superficie lisa y aterciopelada y una gran blancura para imprimir Tarjetas de visita con plenitud crom\u00e1tica.<\/li>\n<li aria-level=\"1\">Rembrandt &#8211; Acquerello stucco:\u00a0papel verjurado por ambas caras (su superficie presenta numerosas y finas rayas) para una impresi\u00f3n bien definida, es perfecto para unas Tarjetas de visita distinguidas.<\/li>\n<li aria-level=\"1\">Reciclado:\u00a0papel producido con el 100 % de fibras recicladas, perfecto para imprimir Tarjetas de visita ecol\u00f3gicas.<\/li>\n<li aria-level=\"1\">Turner &#8211; Tintoretto Gesso:\u00a0exclusivo papel marcado al fieltro con efecto \u00abpiel de naranja\u00bb.<\/li>\n<li aria-level=\"1\">Ice White:\u00a0papel natural y gofrado por ambas caras extrablanco para imprimir Tarjetas de visita inigualables.<\/li>\n<li aria-level=\"1\">Underwood &#8211; Woodstock Betulla:\u00a0papel de color amarillo parecido al marfil con puntitos y trocitos de fibra para un aspecto ecol\u00f3gico y original.<\/li>\n<\/ul>\n<p>Papeles plastificados<\/p>\n<ul>\n<li aria-level=\"1\">Papel plastificado Mate anverso y reverso o solo anverso:\u00a0resalta la calidad de las im\u00e1genes, incrementa la riqueza de los detalles y la nitidez de los textos.<\/li>\n<li aria-level=\"1\">Papel plastificado Brillante anverso y reverso o solo anverso:\u00a0permite imprimir Tarjetas de visita con colores vivos y una gran definici\u00f3n.<\/li>\n<li aria-level=\"1\">Papel plastificado Soft Touch anverso y reverso o solo anverso:\u00a0presenta un agradable efecto aterciopelado al tacto y realza los colores originales.<\/li>\n<\/ul>\n<p>Papel plastificado antibacteriano anverso y reverso:\u00a0para imprimir Tarjetas de visita con una pel\u00edcula termoadhesiva tratada con iones de plata que permiten eliminar las bacterias debidas al contacto.<\/p>\n<h2 style=\"font-weight: 500;\">\u00bfQu\u00e9 escribir\u00a0a la hora de imprimir Tarjetas de visita? Informaci\u00f3n esencial<\/h2>\n<p>Adem\u00e1s del formato y el tipo de papel, tienes que incluir informaci\u00f3n esencial en tus tarjetas de visita personalizadas:<\/p>\n<ul>\n<li aria-level=\"1\">Nombre y apellidos<\/li>\n<li aria-level=\"1\">Puesto en la empresa<\/li>\n<li aria-level=\"1\">Datos de contacto<\/li>\n<li aria-level=\"1\">Direcci\u00f3n de tu empresa<\/li>\n<\/ul>\n<p>&nbsp;<\/p>\n<p>Las tarjetas de visita mas llamativas y sencillas. Aprov\u00e9chese de nuestra alta calidad de impresi\u00f3n y de la posibilidad que le ofrecemos de crear su presupuesto online. Ahorre en tiempo y trasmita una imagen impecable a sus clientes.<\/p>\n","protected":false},"excerpt":{"rendered":"<p>Tarjetas de visita Marca la diferencia\u00a0al imprimir\u00a0Tarjetas de visita profesionales y \u00fanicas &nbsp; &nbsp; Si buscas algo sencillo pero elegante, nuestras tarjetas de presentaci\u00f3n son tu mejor opci\u00f3n. Descubre la calidad de nuestras impresiones y todas las posibilidades que tenemos para ofrecerte con nuestras tarjetas 100% personalizables. Ahorra tiempo y dinero sin descuidar en ning\u00fan &#8230; <a title=\"Tarjeta 8,5 x 5,5 cm\" class=\"read-more\" href=\"https:\/\/pypaprint.com\/?product=tarjeta-85-x-55-cm\" aria-label=\"Leer m\u00e1s sobre Tarjeta 8,5 x 5,5 cm\">Leer m\u00e1s<\/a><\/p>\n","protected":false},"featured_media":270,"comment_status":"open","ping_status":"closed","template":"","meta":{"_acf_changed":false,"_joinchat":[]},"product_brand":[],"product_cat":[43,44],"product_tag":[],"class_list":{"0":"post-137","1":"product","2":"type-product","3":"status-publish","4":"has-post-thumbnail","6":"product_cat-material-de-oficina","7":"product_cat-tarjetas-de-visita","9":"first","10":"instock","11":"taxable","12":"shipping-taxable","13":"purchasable","14":"product-type-variable","15":"has-default-attributes"},"acf":[],"_links":{"self":[{"href":"https:\/\/pypaprint.com\/index.php?rest_route=\/wp\/v2\/product\/137","targetHints":{"allow":["GET"]}}],"collection":[{"href":"https:\/\/pypaprint.com\/index.php?rest_route=\/wp\/v2\/product"}],"about":[{"href":"https:\/\/pypaprint.com\/index.php?rest_route=\/wp\/v2\/types\/product"}],"replies":[{"embeddable":true,"href":"https:\/\/pypaprint.com\/index.php?rest_route=%2Fwp%2Fv2%2Fcomments&post=137"}],"wp:featuredmedia":[{"embeddable":true,"href":"https:\/\/pypaprint.com\/index.php?rest_route=\/wp\/v2\/media\/270"}],"wp:attachment":[{"href":"https:\/\/pypaprint.com\/index.php?rest_route=%2Fwp%2Fv2%2Fmedia&parent=137"}],"wp:term":[{"taxonomy":"product_brand","embeddable":true,"href":"https:\/\/pypaprint.com\/index.php?rest_route=%2Fwp%2Fv2%2Fproduct_brand&post=137"},{"taxonomy":"product_cat","embeddable":true,"href":"https:\/\/pypaprint.com\/index.php?rest_route=%2Fwp%2Fv2%2Fproduct_cat&post=137"},{"taxonomy":"product_tag","embeddable":true,"href":"https:\/\/pypaprint.com\/index.php?rest_route=%2Fwp%2Fv2%2Fproduct_tag&post=137"}],"curies":[{"name":"wp","href":"https:\/\/api.w.org\/{rel}","templated":true}]}}