{"id":136,"date":"2025-10-18T00:17:30","date_gmt":"2025-10-18T00:17:30","guid":{"rendered":"https:\/\/pypaprint.com\/?post_type=product&#038;p=136"},"modified":"2025-11-05T09:26:50","modified_gmt":"2025-11-05T09:26:50","slug":"tarjeta-de-visita-eco-friendly","status":"publish","type":"product","link":"https:\/\/pypaprint.com\/?product=tarjeta-de-visita-eco-friendly","title":{"rendered":"Tarjeta Eco friendly"},"content":{"rendered":"<h1 style=\"font-weight: 500;\">Tarjetas de visita ecol\u00f3gicas: un apret\u00f3n de manos sostenible<\/h1>\n<h2 style=\"font-weight: 500;\">Si buscas productos de calidad que te permitan desarrollar tu negocio sin perjudicar el medio ambiente, nuestras tarjetas eco\u00a0 friendly son la opci\u00f3n perfecta. Estas tarjetas est\u00e1n disponibles en cuatro variados dise\u00f1os que aseguran la entrega de un mensaje efectivo y ecol\u00f3gico.<\/h2>\n<p>&nbsp;<\/p>\n<p>En PypaPrint contamos con los mejores materiales, siempre respetando el medio ambiente, para las tarjetas eco friendly tenemos:<\/p>\n<ul>\n<li>Papel kraft: producido con el 100 % de fibras recicladas, es un papel, de 300 g, exclusivo y ecol\u00f3gico que confiere car\u00e1cter a tus tarjetas ecol\u00f3gicas.<\/li>\n<li>Woodstock Betulla: papel de color similar al marfil, de 260 g, con efecto natural al tacto y sin madera. Su superficie se caracteriza por puntitos y trocitos de fibra distribuidos aleatoriamente.<\/li>\n<\/ul>\n<p>Todas nuestras\u00a0Tarjetas de visita con papel reciclado\u00a0presentan\u00a0certificado FSC\u00ae, es decir, los materiales con los que est\u00e1n realizadas provienen de bosques donde priman las buenas pr\u00e1cticas, en los que se fomenta una gesti\u00f3n forestal econ\u00f3micamente viable, socialmente beneficiosa y apropiada desde el punto medioambiental. En PypaPrint, podr\u00e1s crear tus propias tarjetas de papel reciclado respetuosas con el entorno.<\/p>\n<h2 style=\"font-weight: 500;\">Personalizaci\u00f3n de tus Tarjetas de visita ecol\u00f3gicas<\/h2>\n<p>Adem\u00e1s de poder elegir diversos materiales para tus\u00a0Tarjetas de visita ecol\u00f3gicas, tienes la posibilidad de seleccionar otras caracter\u00edsticas para que sean exactamente tal como las hab\u00edas imaginado. Te ofrecemos\u00a02 formatos\u00a0diversos para tus Tarjetas de visita con papel reciclado: 8,5 \u00d7 5,5 cm, 9 \u00d7 5 cm. Adem\u00e1s, podr\u00e1s elegir la\u00a0orientaci\u00f3n, horizontal o vertical, para incluir tus datos en tus tarjetas ecol\u00f3gicas. Por otra parte, la impresi\u00f3n de tus\u00a0tarjetas de papel reciclado\u00a0se puede realizar solo en el anverso o en el anverso y reverso, iguales o diversos.<\/p>\n<h2 style=\"font-weight: 500;\">Tarjetas de visita con papel reciclado: \u00bfqu\u00e9 informaci\u00f3n incluir?<\/h2>\n<p>A la hora de crear tus\u00a0Tarjetas de visita ecol\u00f3gicas\u00a0debes tener claro qu\u00e9 informaci\u00f3n te interesa proporcionar.<\/p>\n<p>Generalmente, los principales datos que debes incluir en unas Tarjetas de visita son\u00a0nombre y apellidos, datos de contacto\u00a0\u2014correo electr\u00f3nico y\/o tel\u00e9fono fijo y\/o m\u00f3vil o, tambi\u00e9n, direcci\u00f3n postal o web, seg\u00fan lo que a ti te resulte m\u00e1s \u00fatil\u2014 y\u00a0un logo de tu marca o algo que te distinga.<\/p>\n<p>Si deseas algo m\u00e1s personal y original, podr\u00e1s introducir un\u00a0c\u00f3digo QR\u00a0que lleve a tu sitio web con todos tus datos o alguna\u00a0frase o eslogan\u00a0que te represente a ti o a tu marca para unas Tarjetas de visita con papel reciclado totalmente diferentes.<\/p>\n<h2 style=\"font-weight: 500;\">Dise\u00f1ar tus Tarjetas de visita con papel reciclado es f\u00e1cil con E-doc Builder y nuestros dise\u00f1adores profesionales<\/h2>\n<p>Si deseas crear o retocar el dise\u00f1o de tus Tarjetas de visita ecol\u00f3gicas, cuenta con nuestro\u00a0editor online gratuito\u00a0E-doc Builder.<\/p>\n<p>Igualmente puedes adquirir un\u00a0servicio de dise\u00f1o, para el cual basta con que le expliques a uno de nuestros dise\u00f1adores profesionales exactamente lo que buscas y este realizar\u00e1\u00a02 propuestas a elegir. Una vez elegida la propuesta del dise\u00f1o para personalizar tus Tarjetas de visita con papel reciclado, podr\u00e1s solicitarle\u00a03 revisiones\u00a0hasta que tu dise\u00f1o quede exactamente tal como lo desees.<\/p>\n<p>\u00a1M\u00e1s f\u00e1cil imposible!<\/p>\n<p>Para el que desee unas Tarjetas de visita exclusivas y, al mismo tiempo, respetuosas con el medio ambiente, ofrecemos la posibilidad de elegir entre dos tipos de papel reciclado. Disponibles en cuatro formatos diferentes, garantizan un mensaje eficaz y sostenible.<\/p>\n","protected":false},"excerpt":{"rendered":"<p>Tarjetas de visita ecol\u00f3gicas: un apret\u00f3n de manos sostenible Si buscas productos de calidad que te permitan desarrollar tu negocio sin perjudicar el medio ambiente, nuestras tarjetas eco\u00a0 friendly son la opci\u00f3n perfecta. Estas tarjetas est\u00e1n disponibles en cuatro variados dise\u00f1os que aseguran la entrega de un mensaje efectivo y ecol\u00f3gico. &nbsp; En PypaPrint contamos &#8230; <a title=\"Tarjeta Eco friendly\" class=\"read-more\" href=\"https:\/\/pypaprint.com\/?product=tarjeta-de-visita-eco-friendly\" aria-label=\"Leer m\u00e1s sobre Tarjeta Eco friendly\">Leer m\u00e1s<\/a><\/p>\n","protected":false},"featured_media":339,"comment_status":"open","ping_status":"closed","template":"","meta":{"_acf_changed":false,"_joinchat":[]},"product_brand":[],"product_cat":[43,44],"product_tag":[],"class_list":{"0":"post-136","1":"product","2":"type-product","3":"status-publish","4":"has-post-thumbnail","6":"product_cat-material-de-oficina","7":"product_cat-tarjetas-de-visita","9":"first","10":"instock","11":"taxable","12":"shipping-taxable","13":"purchasable","14":"product-type-variable","15":"has-default-attributes"},"acf":[],"_links":{"self":[{"href":"https:\/\/pypaprint.com\/index.php?rest_route=\/wp\/v2\/product\/136","targetHints":{"allow":["GET"]}}],"collection":[{"href":"https:\/\/pypaprint.com\/index.php?rest_route=\/wp\/v2\/product"}],"about":[{"href":"https:\/\/pypaprint.com\/index.php?rest_route=\/wp\/v2\/types\/product"}],"replies":[{"embeddable":true,"href":"https:\/\/pypaprint.com\/index.php?rest_route=%2Fwp%2Fv2%2Fcomments&post=136"}],"wp:featuredmedia":[{"embeddable":true,"href":"https:\/\/pypaprint.com\/index.php?rest_route=\/wp\/v2\/media\/339"}],"wp:attachment":[{"href":"https:\/\/pypaprint.com\/index.php?rest_route=%2Fwp%2Fv2%2Fmedia&parent=136"}],"wp:term":[{"taxonomy":"product_brand","embeddable":true,"href":"https:\/\/pypaprint.com\/index.php?rest_route=%2Fwp%2Fv2%2Fproduct_brand&post=136"},{"taxonomy":"product_cat","embeddable":true,"href":"https:\/\/pypaprint.com\/index.php?rest_route=%2Fwp%2Fv2%2Fproduct_cat&post=136"},{"taxonomy":"product_tag","embeddable":true,"href":"https:\/\/pypaprint.com\/index.php?rest_route=%2Fwp%2Fv2%2Fproduct_tag&post=136"}],"curies":[{"name":"wp","href":"https:\/\/api.w.org\/{rel}","templated":true}]}}