{"id":135,"date":"2025-10-18T00:15:44","date_gmt":"2025-10-18T00:15:44","guid":{"rendered":"https:\/\/pypaprint.com\/?post_type=product&#038;p=135"},"modified":"2025-11-05T09:26:20","modified_gmt":"2025-11-05T09:26:20","slug":"tarjeta-deluxe","status":"publish","type":"product","link":"https:\/\/pypaprint.com\/?product=tarjeta-deluxe","title":{"rendered":"Tarjeta Deluxe"},"content":{"rendered":"<div class=\"col-md-6 product-info\">\n<div class=\"product-description\">\n<div class=\"fullDescriptionArea\">\n<h1>Tarjetas de visita ecol\u00f3gicas: un apret\u00f3n de manos sostenible<\/h1>\n<p>Ya se sabe, la primera impresi\u00f3n es la que cuenta y la Tarjeta de visita debe crear impacto. Pero hay otro impacto importante: el medioambiental. Aportar tu granito de arena es posible tambi\u00e9n imprimiendo\u00a0Tarjetas de\u00a0visita ecol\u00f3gicas\u00a0y present\u00e1ndote, as\u00ed, de manera sostenible y atenta con el entorno.<\/p>\n<p>Pypaprint te ofrece la posibilidad de elegir para tu comunicaci\u00f3n\u00a0Tarjetas de\u00a0visita con papel reciclado, un producto perfecto para todo aquel que da valor al medio ambiente y, al mismo tiempo, no desea renunciar a la posibilidad de realizar una impresi\u00f3n refinada y de calidad. Podr\u00e1s elegir entre\u00a0tres tipos de papeles ecol\u00f3gicos, incluido\u00a0papel reciclado, y\u00a0diversos formatos\u00a0para personalizar al m\u00e1ximo tus Tarjetas de visita ecol\u00f3gicas.<\/p>\n<p>te ofrecemos los papeles de alta gama con acabados mas lujosos.<\/p>\n<ul>\n<li>papel, de 320 g, exclusivo y ecol\u00f3gico que confiere car\u00e1cter a tus tarjetas ecol\u00f3gicas.<\/li>\n<li>Cartulina Deluxe: papel de color similar al marfil, de 260 g, con efecto natural al tacto y sin madera. Su superficie se caracteriza por puntitos y trocitos de fibra distribuidos aleatoriamente.<\/li>\n<li><\/li>\n<\/ul>\n<h2>Personalizaci\u00f3n de tus Tarjetas de visita Deluxe<\/h2>\n<p>En pypaprint, \u00a1tarjetas ecol\u00f3gicas y otros muchos productos respetuosos con el medioambiente!<\/p>\n<\/div>\n<\/div>\n<\/div>\n<div class=\"col-md-6 product-form\">\n<p>Para el que desee unas Tarjetas de visita exclusivas y, al mismo tiempo, respetuosas con el medio ambiente, ofrecemos la posibilidad de elegir entre dos tipos de papel de lujo. Disponibles en cuatro tipos de papel diferentes, garantizan el mejor acabado e impresi\u00f3n.<\/p>\n<\/div>\n","protected":false},"excerpt":{"rendered":"<p>Tarjetas de visita ecol\u00f3gicas: un apret\u00f3n de manos sostenible Ya se sabe, la primera impresi\u00f3n es la que cuenta y la Tarjeta de visita debe crear impacto. Pero hay otro impacto importante: el medioambiental. Aportar tu granito de arena es posible tambi\u00e9n imprimiendo\u00a0Tarjetas de\u00a0visita ecol\u00f3gicas\u00a0y present\u00e1ndote, as\u00ed, de manera sostenible y atenta con el entorno. &#8230; <a title=\"Tarjeta Deluxe\" class=\"read-more\" href=\"https:\/\/pypaprint.com\/?product=tarjeta-deluxe\" aria-label=\"Leer m\u00e1s sobre Tarjeta Deluxe\">Leer m\u00e1s<\/a><\/p>\n","protected":false},"featured_media":300,"comment_status":"open","ping_status":"closed","template":"","meta":{"_acf_changed":false,"_joinchat":[]},"product_brand":[],"product_cat":[43,44],"product_tag":[],"class_list":{"0":"post-135","1":"product","2":"type-product","3":"status-publish","4":"has-post-thumbnail","6":"product_cat-material-de-oficina","7":"product_cat-tarjetas-de-visita","9":"first","10":"instock","11":"taxable","12":"shipping-taxable","13":"purchasable","14":"product-type-variable","15":"has-default-attributes"},"acf":[],"_links":{"self":[{"href":"https:\/\/pypaprint.com\/index.php?rest_route=\/wp\/v2\/product\/135","targetHints":{"allow":["GET"]}}],"collection":[{"href":"https:\/\/pypaprint.com\/index.php?rest_route=\/wp\/v2\/product"}],"about":[{"href":"https:\/\/pypaprint.com\/index.php?rest_route=\/wp\/v2\/types\/product"}],"replies":[{"embeddable":true,"href":"https:\/\/pypaprint.com\/index.php?rest_route=%2Fwp%2Fv2%2Fcomments&post=135"}],"wp:featuredmedia":[{"embeddable":true,"href":"https:\/\/pypaprint.com\/index.php?rest_route=\/wp\/v2\/media\/300"}],"wp:attachment":[{"href":"https:\/\/pypaprint.com\/index.php?rest_route=%2Fwp%2Fv2%2Fmedia&parent=135"}],"wp:term":[{"taxonomy":"product_brand","embeddable":true,"href":"https:\/\/pypaprint.com\/index.php?rest_route=%2Fwp%2Fv2%2Fproduct_brand&post=135"},{"taxonomy":"product_cat","embeddable":true,"href":"https:\/\/pypaprint.com\/index.php?rest_route=%2Fwp%2Fv2%2Fproduct_cat&post=135"},{"taxonomy":"product_tag","embeddable":true,"href":"https:\/\/pypaprint.com\/index.php?rest_route=%2Fwp%2Fv2%2Fproduct_tag&post=135"}],"curies":[{"name":"wp","href":"https:\/\/api.w.org\/{rel}","templated":true}]}}