{"id":134,"date":"2025-10-18T00:15:01","date_gmt":"2025-10-18T00:15:01","guid":{"rendered":"https:\/\/pypaprint.com\/?post_type=product&#038;p=134"},"modified":"2025-11-05T09:37:52","modified_gmt":"2025-11-05T09:37:52","slug":"tarjetas-cuadradas","status":"publish","type":"product","link":"https:\/\/pypaprint.com\/?product=tarjetas-cuadradas","title":{"rendered":"Tarjetas Cuadradas"},"content":{"rendered":"<h1 style=\"font-weight: 500;\">Tarjetas de visita cuadradas a todo color y a dos caras<\/h1>\n<h2 style=\"font-weight: 500;\">Un original tama\u00f1o para tus tarjetas<\/h2>\n<p>\u00bfBuscas una opci\u00f3n diferente para tus tarjetas? Escoge una soluci\u00f3n compacta e innovadora con nuestras tarjetas de formato cuadrado. Son totalmente personalizables y cuentan con una amplia variedad de tipos de papel.<\/p>\n<p>Solo tienes que subir tu dise\u00f1o (el tama\u00f1o tarjeta de visita es \u00fanico, tiene unas medidas de 5,5 x 5,5 cm), elegir el papel y el acabado que desees y listo, tendr\u00e1s las tarjetas de visita online m\u00e1s originales de tu sector.<\/p>\n<h2 style=\"font-weight: 500;\">Originalidad con las tarjetas de visita cuadradas<\/h2>\n<p>Crea y personaliza tu dise\u00f1o a todo color a una o dos caras y sorprende a tus clientes con un formato compacto y un acabado de calidad. Las\u00a0tarjetas visita cuadradas\u00a0cuentan con las mismas caracter\u00edsticas y acabados que las\u00a0<a href=\"https:\/\/www.pixartprinting.es\/formato-pequeno\/impresion-tarjetas-de-visita\/\" target=\"_blank\" rel=\"noopener\">tarjetas est\u00e1ndar<\/a>, con un\u00a0formato cuadrado\u00a0para crear una imagen \u00fanica y profesional.<\/p>\n<p>Puedes comenzar eligiendo el tipo de papel que quieras utilizar para tus tarjetas de visita personalizadas. Para las tarjetas cuadradas, te ofrecemos tres tipos de papeles (con un mont\u00f3n de opciones de personalizaci\u00f3n):<\/p>\n<ul>\n<li aria-level=\"1\">Papeles est\u00e1ndar: es el papel b\u00e1sico para los que optan por un resultado econ\u00f3mico y de calidad. Si buscas tarjetas de visitas baratas, esta es tu opci\u00f3n.<\/li>\n<li aria-level=\"1\">Papeles especiales: con estos papeles, puedes aportar un toque de exclusividad a tus tarjetas de visita cuadradas. Contamos con ocho tipo de papeles especiales para que puedas personalizar a tu gusto tus tarjetas visita cuadradas.<\/li>\n<li aria-level=\"1\">Papeles plastificados: Si lo que quieres es darle un toque de distinci\u00f3n, a la vez que aportar resistencia a tus tarjetas de visita, puedes optar por este tipo de papeles. Te ofrecemos seis variedades distintas para que elijas la que m\u00e1s se adapte a tus necesidades.<\/li>\n<\/ul>\n<p>Por otro lado, te damos la opci\u00f3n de realizar la impresi\u00f3n de tus tarjetas de visita cuadradas con el anverso y el reverso iguales o diferentes, como prefieras.<\/p>\n<h2 style=\"font-weight: 500;\">\u00bfC\u00f3mo pido mis tarjetas de visita cuadradas?<\/h2>\n<p>Si te has decidido y quieres pedir tus\u00a0Tarjetas de visita cuadradas\u00a0con nosotros, tenemos una noticia fant\u00e1stica que darte: el proceso se hace en tan solo unos clics, es supersencillo.<\/p>\n<p>Para pedir tus\u00a0Tarjetas cuadradas, tan solo tienes que seguir los siguientes pasos:<\/p>\n<ul>\n<li aria-level=\"1\">Entra en la p\u00e1gina web de Pypaprint.com y ve a la secci\u00f3n de Tarjetas de visita. Una vez dentro, entra en\u00a0Tarjetas de visita cuadradas.<\/li>\n<li aria-level=\"1\">Cuando ya est\u00e9s dentro, debes elegir entre las numerosas opciones de personalizaci\u00f3n que te ofrecemos. Elige la que mejor le vengan a tus\u00a0Tarjetas de visita cuadradas.<\/li>\n<li aria-level=\"1\">A continuaci\u00f3n, elige la cantidad de\u00a0Tarjetas cuadradas\u00a0que quieras (250, 500, 1000).<\/li>\n<li aria-level=\"1\">Sube tu dise\u00f1o, ya sea cargando tu archivo o cre\u00e1ndolo en tiempo real. \u00a1Tus\u00a0Tarjetas de visita cuadradas\u00a0van a ser totalmente \u00fanicas!<\/li>\n<li aria-level=\"1\">Ind\u00edcanos tus datos y realiza el pago.<\/li>\n<\/ul>\n<p>\u00bfPuede ser m\u00e1s f\u00e1cil?<\/p>\n<h2 style=\"font-weight: 500;\">\u00bfQu\u00e9 informaci\u00f3n a\u00f1ado en mis tarjetas de visita cuadradas?<\/h2>\n<p>Sabemos que la informaci\u00f3n que quieras a\u00f1adir en tus\u00a0Tarjetas de visita cuadradas\u00a0son una decisi\u00f3n muy personal, pero aqu\u00ed te damos algunas sugerencias sobre datos que creemos que deber\u00edan aparecer:<\/p>\n<ul>\n<li aria-level=\"1\">Logo:\u00a0tu logo es una representaci\u00f3n visual del \u00e1mbito de tu actividad y de cu\u00e1les son tus valores, por lo que creemos que deber\u00eda aparecer en tus\u00a0Tarjetas de visita cuadradas.<\/li>\n<li aria-level=\"1\">Nombre:\u00a0evidentemente, tu nombre, el de la empresa o ambos deben aparecer en tus\u00a0Tarjetas cuadradas.<\/li>\n<li aria-level=\"1\">Slogan:\u00a0si t\u00fa o tu empresa ten\u00e9is alg\u00fan slogan, no estar\u00eda de m\u00e1s incluirlo en tus\u00a0Tarjetas de visita cuadradas.<\/li>\n<li aria-level=\"1\">Profesi\u00f3n o puesto:\u00a0se trata de una informaci\u00f3n totalmente necesaria y relevante, por lo que no debes olvidar incluirla.<\/li>\n<li aria-level=\"1\">Datos de contacto:\u00a0el objetivo de las\u00a0Tarjetas de visita cuadradas\u00a0es que se pongan en contacto contigo, por lo que deber\u00edas a\u00f1adir tu correo electr\u00f3nico, tu tel\u00e9fono, tu direcci\u00f3n o tu p\u00e1gina web en las\u00a0Tarjetas cuadradas.<\/li>\n<\/ul>\n<p>\u00a1No esperes m\u00e1s y pide ya tus\u00a0Tarjetas de visita cuadradas\u00a0con Pypaprint.com!<\/p>\n<h2 style=\"font-weight: 500;\">Productos relacionados<\/h2>\n<p>En Pypaprint no solo tenemos tarjetas de visita cuadrada. Si quieres un toque de originalidad y exclusividad, puedes echar un vistazo a nuestras\u00a0<a href=\"https:\/\/www.pixartprinting.es\/tarjetas-de-visita\/tarjetas-visita-acabados-exclusivos\/\" target=\"_blank\" rel=\"noopener\">Tarjetas de visita.<\/a><\/p>\n<p>\u00bfBuscas Tarjetas de visita fuera de lo com\u00fan? Elige las de formato cuadrado: totalmente personalizables, gracias a la amplia variedad de tipos de papel, son una soluci\u00f3n compacta e innovadora.<\/p>\n","protected":false},"excerpt":{"rendered":"<p>Tarjetas de visita cuadradas a todo color y a dos caras Un original tama\u00f1o para tus tarjetas \u00bfBuscas una opci\u00f3n diferente para tus tarjetas? Escoge una soluci\u00f3n compacta e innovadora con nuestras tarjetas de formato cuadrado. Son totalmente personalizables y cuentan con una amplia variedad de tipos de papel. Solo tienes que subir tu dise\u00f1o &#8230; <a title=\"Tarjetas Cuadradas\" class=\"read-more\" href=\"https:\/\/pypaprint.com\/?product=tarjetas-cuadradas\" aria-label=\"Leer m\u00e1s sobre Tarjetas Cuadradas\">Leer m\u00e1s<\/a><\/p>\n","protected":false},"featured_media":255,"comment_status":"open","ping_status":"closed","template":"","meta":{"_acf_changed":false,"_joinchat":[]},"product_brand":[],"product_cat":[43,44],"product_tag":[],"class_list":{"0":"post-134","1":"product","2":"type-product","3":"status-publish","4":"has-post-thumbnail","6":"product_cat-material-de-oficina","7":"product_cat-tarjetas-de-visita","9":"first","10":"instock","11":"taxable","12":"shipping-taxable","13":"purchasable","14":"product-type-variable","15":"has-default-attributes"},"acf":[],"_links":{"self":[{"href":"https:\/\/pypaprint.com\/index.php?rest_route=\/wp\/v2\/product\/134","targetHints":{"allow":["GET"]}}],"collection":[{"href":"https:\/\/pypaprint.com\/index.php?rest_route=\/wp\/v2\/product"}],"about":[{"href":"https:\/\/pypaprint.com\/index.php?rest_route=\/wp\/v2\/types\/product"}],"replies":[{"embeddable":true,"href":"https:\/\/pypaprint.com\/index.php?rest_route=%2Fwp%2Fv2%2Fcomments&post=134"}],"wp:featuredmedia":[{"embeddable":true,"href":"https:\/\/pypaprint.com\/index.php?rest_route=\/wp\/v2\/media\/255"}],"wp:attachment":[{"href":"https:\/\/pypaprint.com\/index.php?rest_route=%2Fwp%2Fv2%2Fmedia&parent=134"}],"wp:term":[{"taxonomy":"product_brand","embeddable":true,"href":"https:\/\/pypaprint.com\/index.php?rest_route=%2Fwp%2Fv2%2Fproduct_brand&post=134"},{"taxonomy":"product_cat","embeddable":true,"href":"https:\/\/pypaprint.com\/index.php?rest_route=%2Fwp%2Fv2%2Fproduct_cat&post=134"},{"taxonomy":"product_tag","embeddable":true,"href":"https:\/\/pypaprint.com\/index.php?rest_route=%2Fwp%2Fv2%2Fproduct_tag&post=134"}],"curies":[{"name":"wp","href":"https:\/\/api.w.org\/{rel}","templated":true}]}}