{"id":110,"date":"2025-10-17T23:59:04","date_gmt":"2025-10-17T23:59:04","guid":{"rendered":"https:\/\/pypaprint.com\/?post_type=product&#038;p=110"},"modified":"2026-01-05T08:23:49","modified_gmt":"2026-01-05T08:23:49","slug":"caja-burger-tipo-flor-2","status":"publish","type":"product","link":"https:\/\/pypaprint.com\/caja-burger-tipo-flor-2\/","title":{"rendered":"Caja Burger Tipo Flor"},"content":{"rendered":"<p><span style=\"font-weight: 400;\">La <\/span><b>Caja Burger Tipo Flor<\/b><span style=\"font-weight: 400;\"> es un envase dise\u00f1ado para ser una soluci\u00f3n pr\u00e1ctica y resistente para tu negocio de hosteler\u00eda. Su dise\u00f1o especial permite que, al abrirse, la caja se despliega en forma de flor, simulando un plato, facilitando el consumo directo del producto y mejorando la experiencia del cliente.\u00a0<\/span><\/p>\n<p><span style=\"font-weight: 400;\">Se entrega armada, lista para su uso inmediato, lo que agiliza el servicio en cocina y punto de venta. Este producto est\u00e1 pensado para adaptarse a las necesidades del sector de la restauraci\u00f3n, donde la rapidez y la presentaci\u00f3n son esenciales.<\/span><\/p>\n<p>&nbsp;<\/p>\n<p><b>Usos recomendados<\/b><\/p>\n<p><span style=\"font-weight: 400;\">\ud83c\udf54 Hamburgueser\u00edas<\/span><\/p>\n<p><span style=\"font-weight: 400;\">\ud83d\ude9a Food trucks<\/span><\/p>\n<p><span style=\"font-weight: 400;\">\ud83e\udd61 Take away y delivery<\/span><\/p>\n<p><span style=\"font-weight: 400;\">\ud83c\udf7d Restaurantes y eventos gastron\u00f3micos<\/span><\/p>\n<p><b>Caracter\u00edsticas principales<\/b><\/p>\n<p><span style=\"font-weight: 400;\">\u2714 <\/span><b>Dise\u00f1o tipo flor<\/b><span style=\"font-weight: 400;\">. Al abrirse, la caja se transforma en un soporte tipo plato. Facilita el consumo sin necesidad de vajilla adicional. Aporta una presentaci\u00f3n atractiva y diferenciadora gracias a su dise\u00f1o.<\/span><\/p>\n<p><span style=\"font-weight: 400;\">\u2714 <\/span><b>Personalizaci\u00f3n de marca<\/b><span style=\"font-weight: 400;\">. Posibilidad de personalizar con logotipo, colores corporativos o mensajes promocionales. Ideal para reforzar la identidad de marca.<\/span><\/p>\n<p><span style=\"font-weight: 400;\">\u2714 <\/span><b>Materiales disponibles<\/b><span style=\"font-weight: 400;\">. Ambos materiales son aptos para uso alimentario y garantizan una correcta presentaci\u00f3n del producto.<\/span><\/p>\n<ul>\n<li style=\"font-weight: 400;\" aria-level=\"1\"><span style=\"font-weight: 400;\"><strong>Cart\u00f3n folding:<\/strong> material ligero, r\u00edgido y de f\u00e1cil plegado, con excelente acabado para impresi\u00f3n.<\/span><\/li>\n<li style=\"font-weight: 400;\" aria-level=\"1\"><span style=\"font-weight: 400;\"><strong>Papel reciclado:<\/strong> opci\u00f3n sostenible, reciclable y alineada con negocios que priorizan el packaging ecol\u00f3gico.<\/span><\/li>\n<\/ul>\n<p><span style=\"font-weight: 400;\">\u2714 <\/span><b>Variedad de tama\u00f1os<\/b><span style=\"font-weight: 400;\">. Diferentes medidas disponibles para adaptarse a todo tipo de men\u00fas, desde hamburguesas cl\u00e1sicas, gourmet o hasta combos.<\/span><\/p>\n<p><span style=\"font-weight: 400;\">\u2714 <\/span><b>Lista para usar<\/b><span style=\"font-weight: 400;\">. Se entrega ya armada, sin necesidad de montaje. Ahorra tiempo en el servicio y mejora la eficiencia de tus trabajadores.<\/span><\/p>\n<p><b>Ventajas frente a otros envases<\/b><\/p>\n<ul>\n<li style=\"font-weight: 400;\" aria-level=\"1\"><span style=\"font-weight: 400;\">Dise\u00f1o diferencial frente a cajas tradicionales<\/span><\/li>\n<li style=\"font-weight: 400;\" aria-level=\"1\"><span style=\"font-weight: 400;\">Ahorro de tiempo al recibirse ya armada<\/span><\/li>\n<li style=\"font-weight: 400;\" aria-level=\"1\"><span style=\"font-weight: 400;\">Se convierten en un pr\u00e1ctico plato para disfrutar los alimentos directamente en el envase<\/span><\/li>\n<li style=\"font-weight: 400;\" aria-level=\"1\"><span style=\"font-weight: 400;\">Evita usar vajillas adicionales<\/span><\/li>\n<li style=\"font-weight: 400;\" aria-level=\"1\"><span style=\"font-weight: 400;\">Permite branding y personalizaci\u00f3n<\/span><\/li>\n<\/ul>\n","protected":false},"excerpt":{"rendered":"<p>La Caja Burger Tipo Flor es un envase dise\u00f1ado para ser una soluci\u00f3n pr\u00e1ctica y resistente para tu negocio de hosteler\u00eda. Su dise\u00f1o especial permite que, al abrirse, la caja se despliega en forma de flor, simulando un plato, facilitando el consumo directo del producto y mejorando la experiencia del cliente.\u00a0 Se entrega armada, lista &#8230; <a title=\"Caja Burger Tipo Flor\" class=\"read-more\" href=\"https:\/\/pypaprint.com\/caja-burger-tipo-flor-2\/\" aria-label=\"Leer m\u00e1s sobre Caja Burger Tipo Flor\">Leer m\u00e1s<\/a><\/p>\n","protected":false},"featured_media":3358,"comment_status":"open","ping_status":"closed","template":"","meta":{"_acf_changed":false,"_joinchat":[]},"product_brand":[],"product_cat":[19,18],"product_tag":[],"class_list":{"0":"post-110","1":"product","2":"type-product","3":"status-publish","4":"has-post-thumbnail","6":"product_cat-cajas-para-hamburguesas","7":"product_cat-packaging","9":"first","10":"instock","11":"taxable","12":"shipping-taxable","13":"purchasable","14":"product-type-variable","15":"has-default-attributes"},"acf":[],"_links":{"self":[{"href":"https:\/\/pypaprint.com\/wp-json\/wp\/v2\/product\/110","targetHints":{"allow":["GET"]}}],"collection":[{"href":"https:\/\/pypaprint.com\/wp-json\/wp\/v2\/product"}],"about":[{"href":"https:\/\/pypaprint.com\/wp-json\/wp\/v2\/types\/product"}],"replies":[{"embeddable":true,"href":"https:\/\/pypaprint.com\/wp-json\/wp\/v2\/comments?post=110"}],"wp:featuredmedia":[{"embeddable":true,"href":"https:\/\/pypaprint.com\/wp-json\/wp\/v2\/media\/3358"}],"wp:attachment":[{"href":"https:\/\/pypaprint.com\/wp-json\/wp\/v2\/media?parent=110"}],"wp:term":[{"taxonomy":"product_brand","embeddable":true,"href":"https:\/\/pypaprint.com\/wp-json\/wp\/v2\/product_brand?post=110"},{"taxonomy":"product_cat","embeddable":true,"href":"https:\/\/pypaprint.com\/wp-json\/wp\/v2\/product_cat?post=110"},{"taxonomy":"product_tag","embeddable":true,"href":"https:\/\/pypaprint.com\/wp-json\/wp\/v2\/product_tag?post=110"}],"curies":[{"name":"wp","href":"https:\/\/api.w.org\/{rel}","templated":true}]}}