{"id":1249,"date":"2025-10-28T15:08:10","date_gmt":"2025-10-28T15:08:10","guid":{"rendered":"https:\/\/pypaprint.com\/?page_id=1249"},"modified":"2025-10-28T15:08:10","modified_gmt":"2025-10-28T15:08:10","slug":"politica-de-privacidad","status":"publish","type":"page","link":"https:\/\/pypaprint.com\/?page_id=1249","title":{"rendered":"Pol\u00edtica de privacidad"},"content":{"rendered":"\n<p><strong>Pol\u00edtica de Privacidad<\/strong><br><br>\u00daltima actualizaci\u00f3n: 12 de diciembre de 2023<br><br>Bienvenido\/a&nbsp;<a href=\"https:\/\/pypaprint.com\/\">https:\/\/pypaprint.com\/<\/a>&nbsp;(en adelante &#8220;nuestro sitio web&#8221;). Para nosotros valorar y respetar tu privacidad es de suma importancia, es por ello que te presentamos nuestra pol\u00edtica de privacidad y protecci\u00f3n de datos. Esta Pol\u00edtica de Privacidad describe c\u00f3mo recopilamos, utilizamos y compartimos informaci\u00f3n personal cuando visitas nuestro sitio web.<br><br><strong>Informaci\u00f3n que Recopilamos:<\/strong><br><br>Cuando visitas el nuestro sitio web, autom\u00e1ticamente recopilamos cierta informaci\u00f3n sobre tu dispositivo, incluida tu direcci\u00f3n IP, el tipo de navegador, la zona horaria y algunas de las cookies que est\u00e1n instaladas en tu dispositivo. Adem\u00e1s, cuando navegas por nuestro sitio web, recopilamos informaci\u00f3n sobre las p\u00e1ginas web o productos que visualizas, las p\u00e1ginas web o t\u00e9rminos de b\u00fasqueda que te llevaron trajeron a nuestro sitio web, y c\u00f3mo interact\u00faas con en \u00e9l.<br><br><strong>Uso de la Informaci\u00f3n:<\/strong><br><br>Utilizamos la informaci\u00f3n recopilada para mejorar y optimizar nuestro sitio web, analizar tendencias y entender c\u00f3mo interact\u00faan los visitantes con el contenido que ofrecemos en nuestro sitio web.<br><br><strong>Compartir tu Informaci\u00f3n Personal:<\/strong><br><br>No compartimos tu informaci\u00f3n personal con terceros a menos que sea necesario para cumplir con las leyes aplicables o para garantizar el correcto funcionamiento del nuestro sitio web.<br><\/p>\n\n\n\n<p><strong>Sus derechos con respecto a los datos personales:<\/strong><\/p>\n\n\n\n<p><strong><\/strong><br>Usted tiene los siguientes derechos con respecto a sus datos personales:<br>Usted tiene derecho a saber por qu\u00e9 se necesitan sus datos personales, qu\u00e9 suceder\u00e1 con ellos y durante cu\u00e1nto tiempo se conservar\u00e1n.<br>Derecho de acceso: Usted tiene derecho a acceder a sus datos personales que conocemos.<br>Derecho de rectificaci\u00f3n: tiene derecho a completar, rectificar, borrar o bloquear sus datos personales cuando lo desee.<br>Si usted nos da su consentimiento para procesar sus datos, tiene derecho a revocar dicho consentimiento y a que se eliminen sus datos personales.<br>Derecho de cesi\u00f3n de sus datos: tiene derecho a solicitar todos sus datos personales al responsable del tratamiento y a transferirlos \u00edntegramente a otro responsable del tratamiento.<br>Derecho de oposici\u00f3n: usted puede oponerse al tratamiento de sus datos. Nosotros cumplimos con esto, a menos que existan motivos justificados para el procesamiento.<br>Para ejercer estos derechos, p\u00f3ngase en contacto con nosotros. Por favor refi\u00e9rase a los detalles de contacto en la parte inferior de esta declaraci\u00f3n de cookies. Si tiene alguna queja sobre c\u00f3mo manejamos sus datos, nos gustar\u00eda saber de usted, pero tambi\u00e9n tiene derecho a presentar una queja a la autoridad supervisora (la Autoridad de Protecci\u00f3n de Datos).<\/p>\n\n\n\n<p><strong>Seguridad:<\/strong><br><br>La seguridad de tu informaci\u00f3n personal es importante para nosotros, pero recuerda que ninguna transmisi\u00f3n por Internet o m\u00e9todo de almacenamiento electr\u00f3nico es 100% seguro. Aunque nos esforzamos por utilizar medios comercialmente aceptables para proteger tu informaci\u00f3n personal, no podemos garantizar su seguridad absoluta.<\/p>\n\n\n\n<p><strong>Cambios en Esta Pol\u00edtica de Privacidad:<\/strong><br><br>Nos reservamos el derecho de modificar esta pol\u00edtica de privacidad en cualquier momento. Los cambios y aclaraciones ser\u00e1n efectivos de inmediato despu\u00e9s de ser publicados en el nuestro sitio web. Te recomendamos que revises peri\u00f3dicamente esta p\u00e1gina para estar al tanto de cualquier cambio.<br><br>Al utilizar nuestro sitio web, aceptas las pr\u00e1cticas descritas en esta Pol\u00edtica de Privacidad.<br>Si tienes alguna pregunta sobre esta Pol\u00edtica de Privacidad, te dejamos nuestros datos para que puedas contactarnos:<\/p>\n\n\n\n<p>Denominaci\u00f3n: Pypa Print S.L<\/p>\n\n\n\n<p>Direcci\u00f3n: V\u00eda Trajana, 50-56. Nave 49. 08020. Barcelona.<\/p>\n\n\n\n<p>Tel\u00e9fono: +34 93 106 89 04<\/p>\n\n\n\n<p>Correo: contacto@pypaprint.com<\/p>\n\n\n\n<p>Sitio web:&nbsp;<a href=\"https:\/\/pypaprint.com\/\">www.pypaprint.com<\/a><\/p>\n","protected":false},"excerpt":{"rendered":"<p>Pol\u00edtica de Privacidad \u00daltima actualizaci\u00f3n: 12 de diciembre de 2023 Bienvenido\/a&nbsp;https:\/\/pypaprint.com\/&nbsp;(en adelante &#8220;nuestro sitio web&#8221;). Para nosotros valorar y respetar tu privacidad es de suma importancia, es por ello que te presentamos nuestra pol\u00edtica de privacidad y protecci\u00f3n de datos. Esta Pol\u00edtica de Privacidad describe c\u00f3mo recopilamos, utilizamos y compartimos informaci\u00f3n personal cuando visitas nuestro &#8230; <a title=\"Pol\u00edtica de privacidad\" class=\"read-more\" href=\"https:\/\/pypaprint.com\/?page_id=1249\" aria-label=\"Leer m\u00e1s sobre Pol\u00edtica de privacidad\">Leer m\u00e1s<\/a><\/p>\n","protected":false},"author":1,"featured_media":0,"parent":0,"menu_order":0,"comment_status":"closed","ping_status":"closed","template":"","meta":{"_acf_changed":false,"_joinchat":[],"footnotes":""},"class_list":["post-1249","page","type-page","status-publish"],"acf":[],"_links":{"self":[{"href":"https:\/\/pypaprint.com\/index.php?rest_route=\/wp\/v2\/pages\/1249","targetHints":{"allow":["GET"]}}],"collection":[{"href":"https:\/\/pypaprint.com\/index.php?rest_route=\/wp\/v2\/pages"}],"about":[{"href":"https:\/\/pypaprint.com\/index.php?rest_route=\/wp\/v2\/types\/page"}],"author":[{"embeddable":true,"href":"https:\/\/pypaprint.com\/index.php?rest_route=\/wp\/v2\/users\/1"}],"replies":[{"embeddable":true,"href":"https:\/\/pypaprint.com\/index.php?rest_route=%2Fwp%2Fv2%2Fcomments&post=1249"}],"version-history":[{"count":1,"href":"https:\/\/pypaprint.com\/index.php?rest_route=\/wp\/v2\/pages\/1249\/revisions"}],"predecessor-version":[{"id":1251,"href":"https:\/\/pypaprint.com\/index.php?rest_route=\/wp\/v2\/pages\/1249\/revisions\/1251"}],"wp:attachment":[{"href":"https:\/\/pypaprint.com\/index.php?rest_route=%2Fwp%2Fv2%2Fmedia&parent=1249"}],"curies":[{"name":"wp","href":"https:\/\/api.w.org\/{rel}","templated":true}]}}